{"id":1255,"date":"2023-08-29T16:17:36","date_gmt":"2023-08-29T20:17:36","guid":{"rendered":"http:\/\/dev.gopeer.ca\/?page_id=1255"},"modified":"2026-03-20T15:21:02","modified_gmt":"2026-03-20T19:21:02","slug":"investor-fees","status":"publish","type":"page","link":"https:\/\/dev.gopeer.ca\/fr_ca\/investor-fees\/","title":{"rendered":"Frais d&#039;investissement"},"content":{"rendered":"<div data-elementor-type=\"wp-page\" data-elementor-id=\"1255\" class=\"elementor elementor-1255\" data-elementor-post-type=\"page\">\n\t\t\t\t<div class=\"elementor-element elementor-element-02207e1 e-flex e-con-boxed e-con e-parent\" data-id=\"02207e1\" data-element_type=\"container\" data-e-type=\"container\" data-settings=\"{&quot;background_background&quot;:&quot;classic&quot;}\">\n\t\t\t\t\t<div class=\"e-con-inner\">\n\t\t<div class=\"elementor-element elementor-element-4330870 e-con-full e-flex e-con e-child\" data-id=\"4330870\" data-element_type=\"container\" data-e-type=\"container\">\n\t\t\t\t<div class=\"elementor-element elementor-element-1831b2b elementor-widget elementor-widget-heading\" data-id=\"1831b2b\" data-element_type=\"widget\" data-e-type=\"widget\" data-widget_type=\"heading.default\">\n\t\t\t\t<div class=\"elementor-widget-container\">\n\t\t\t\t\t<h2 class=\"elementor-heading-title elementor-size-default\">Frais d&#039;investisseur<span class=\"color-rojo\">.<\/span><\/h2>\t\t\t\t<\/div>\n\t\t\t\t<\/div>\n\t\t\t\t<div class=\"elementor-element elementor-element-7865b84 elementor-widget elementor-widget-text-editor\" data-id=\"7865b84\" data-element_type=\"widget\" data-e-type=\"widget\" data-widget_type=\"text-editor.default\">\n\t\t\t\t<div class=\"elementor-widget-container\">\n\t\t\t\t\t\t\t\t\t<p>goPeer s&#039;engage \u00e0 une transparence totale concernant les frais factur\u00e9s aux investisseurs.<\/p>\t\t\t\t\t\t\t\t<\/div>\n\t\t\t\t<\/div>\n\t\t\t\t<\/div>\n\t\t<div class=\"elementor-element elementor-element-3203b6a e-con-full e-flex e-con e-child\" data-id=\"3203b6a\" data-element_type=\"container\" data-e-type=\"container\">\n\t\t\t\t<div class=\"elementor-element elementor-element-4960d07 elementor-widget elementor-widget-image\" data-id=\"4960d07\" data-element_type=\"widget\" data-e-type=\"widget\" data-widget_type=\"image.default\">\n\t\t\t\t<div class=\"elementor-widget-container\">\n\t\t\t\t\t\t\t\t\t\t\t\t\t\t\t<img fetchpriority=\"high\" decoding=\"async\" width=\"708\" height=\"645\" src=\"https:\/\/dev.gopeer.ca\/wp-content\/uploads\/2024\/07\/rates-and-fees.png\" class=\"attachment-large size-large wp-image-4432\" alt=\"\" srcset=\"https:\/\/dev.gopeer.ca\/wp-content\/uploads\/2024\/07\/rates-and-fees.png 708w, https:\/\/dev.gopeer.ca\/wp-content\/uploads\/2024\/07\/rates-and-fees-300x273.png 300w, https:\/\/dev.gopeer.ca\/wp-content\/uploads\/2024\/07\/rates-and-fees-13x12.png 13w\" sizes=\"(max-width: 708px) 100vw, 708px\" \/>\t\t\t\t\t\t\t\t\t\t\t\t\t\t\t<\/div>\n\t\t\t\t<\/div>\n\t\t\t\t<\/div>\n\t\t\t\t\t<\/div>\n\t\t\t\t<\/div>\n\t\t<div class=\"elementor-element elementor-element-5fb8646 e-flex e-con-boxed e-con e-parent\" data-id=\"5fb8646\" data-element_type=\"container\" data-e-type=\"container\" data-settings=\"{&quot;background_background&quot;:&quot;classic&quot;}\">\n\t\t\t\t\t<div class=\"e-con-inner\">\n\t\t<div class=\"elementor-element elementor-element-6e9a583 e-con-full e-flex e-con e-child\" data-id=\"6e9a583\" data-element_type=\"container\" data-e-type=\"container\">\n\t\t\t\t<div class=\"elementor-element elementor-element-c20482c elementor-widget elementor-widget-image\" data-id=\"c20482c\" data-element_type=\"widget\" data-e-type=\"widget\" data-widget_type=\"image.default\">\n\t\t\t\t<div class=\"elementor-widget-container\">\n\t\t\t\t\t\t\t\t\t\t\t\t\t\t\t<img decoding=\"async\" width=\"609\" height=\"647\" src=\"https:\/\/dev.gopeer.ca\/wp-content\/uploads\/2023\/08\/Group-7089-1.png\" class=\"attachment-large size-large wp-image-1362\" alt=\"\" srcset=\"https:\/\/dev.gopeer.ca\/wp-content\/uploads\/2023\/08\/Group-7089-1.png 609w, https:\/\/dev.gopeer.ca\/wp-content\/uploads\/2023\/08\/Group-7089-1-282x300.png 282w, https:\/\/dev.gopeer.ca\/wp-content\/uploads\/2023\/08\/Group-7089-1-11x12.png 11w\" sizes=\"(max-width: 609px) 100vw, 609px\" \/>\t\t\t\t\t\t\t\t\t\t\t\t\t\t\t<\/div>\n\t\t\t\t<\/div>\n\t\t\t\t<\/div>\n\t\t<div class=\"elementor-element elementor-element-a1820d2 e-con-full e-flex e-con e-child\" data-id=\"a1820d2\" data-element_type=\"container\" data-e-type=\"container\">\n\t\t\t\t<div class=\"elementor-element elementor-element-ee1df16 elementor-widget elementor-widget-heading\" data-id=\"ee1df16\" data-element_type=\"widget\" data-e-type=\"widget\" data-widget_type=\"heading.default\">\n\t\t\t\t<div class=\"elementor-widget-container\">\n\t\t\t\t\t<h2 class=\"elementor-heading-title elementor-size-default\">Frais impos\u00e9s aux investisseurs<span class=\"color-rojo\">.<\/span><\/h2>\t\t\t\t<\/div>\n\t\t\t\t<\/div>\n\t\t\t\t<div class=\"elementor-element elementor-element-bec7516 elementor-widget elementor-widget-text-editor\" data-id=\"bec7516\" data-element_type=\"widget\" data-e-type=\"widget\" data-widget_type=\"text-editor.default\">\n\t\t\t\t<div class=\"elementor-widget-container\">\n\t\t\t\t\t\t\t\t\t<p>goPeer facture des frais de service de 1,5%, ce qui est <strong>d\u00e9duit des paiements de l&#039;emprunteur<\/strong> sur les pr\u00eats sous-jacents \u00e0 vos Notes.<\/p><p>Peer Securities ne facture aucun compte de courtage s\u00e9par\u00e9 ou suppl\u00e9mentaire ni aucun frais de transaction.<\/p>\t\t\t\t\t\t\t\t<\/div>\n\t\t\t\t<\/div>\n\t\t\t\t<div class=\"elementor-element elementor-element-b5e9e12 elementor-widget elementor-widget-button\" data-id=\"b5e9e12\" data-element_type=\"widget\" data-e-type=\"widget\" data-widget_type=\"button.default\">\n\t\t\t\t<div class=\"elementor-widget-container\">\n\t\t\t\t\t\t\t\t\t<div class=\"elementor-button-wrapper\">\n\t\t\t\t\t<a class=\"elementor-button elementor-button-link elementor-size-sm\" href=\"https:\/\/my.gopeer.ca\/auth\/register\" rel=\"nofollow noopener\">\n\t\t\t\t\t\t<span class=\"elementor-button-content-wrapper\">\n\t\t\t\t\t\t\t\t\t<span class=\"elementor-button-text\">Commencez \u00e0 investir<\/span>\n\t\t\t\t\t<\/span>\n\t\t\t\t\t<\/a>\n\t\t\t\t<\/div>\n\t\t\t\t\t\t\t\t<\/div>\n\t\t\t\t<\/div>\n\t\t\t\t<\/div>\n\t\t\t\t\t<\/div>\n\t\t\t\t<\/div>\n\t\t<div class=\"elementor-element elementor-element-1dfbbf0 e-flex e-con-boxed e-con e-parent\" data-id=\"1dfbbf0\" data-element_type=\"container\" data-e-type=\"container\" data-settings=\"{&quot;background_background&quot;:&quot;classic&quot;}\">\n\t\t\t\t\t<div class=\"e-con-inner\">\n\t\t<div class=\"elementor-element elementor-element-7a000da e-con-full e-flex e-con e-child\" data-id=\"7a000da\" data-element_type=\"container\" data-e-type=\"container\" data-settings=\"{&quot;background_background&quot;:&quot;classic&quot;}\">\n\t\t\t\t<div class=\"elementor-element elementor-element-a4c71a1 elementor-widget elementor-widget-image\" data-id=\"a4c71a1\" data-element_type=\"widget\" data-e-type=\"widget\" data-widget_type=\"image.default\">\n\t\t\t\t<div class=\"elementor-widget-container\">\n\t\t\t\t\t\t\t\t\t\t\t\t\t\t\t<img decoding=\"async\" width=\"120\" height=\"120\" src=\"https:\/\/dev.gopeer.ca\/wp-content\/uploads\/2023\/08\/Group-7108-1.png\" class=\"attachment-full size-full wp-image-1369\" alt=\"\" srcset=\"https:\/\/dev.gopeer.ca\/wp-content\/uploads\/2023\/08\/Group-7108-1.png 120w, https:\/\/dev.gopeer.ca\/wp-content\/uploads\/2023\/08\/Group-7108-1-12x12.png 12w\" sizes=\"(max-width: 120px) 100vw, 120px\" \/>\t\t\t\t\t\t\t\t\t\t\t\t\t\t\t<\/div>\n\t\t\t\t<\/div>\n\t\t\t\t<div class=\"elementor-element elementor-element-b9e5f88 elementor-widget elementor-widget-heading\" data-id=\"b9e5f88\" data-element_type=\"widget\" data-e-type=\"widget\" data-widget_type=\"heading.default\">\n\t\t\t\t<div class=\"elementor-widget-container\">\n\t\t\t\t\t<h2 class=\"elementor-heading-title elementor-size-default\">Frais de recouvrement<\/h2>\t\t\t\t<\/div>\n\t\t\t\t<\/div>\n\t\t\t\t<div class=\"elementor-element elementor-element-c728790 elementor-widget elementor-widget-text-editor\" data-id=\"c728790\" data-element_type=\"widget\" data-e-type=\"widget\" data-widget_type=\"text-editor.default\">\n\t\t\t\t<div class=\"elementor-widget-container\">\n\t\t\t\t\t\t\t\t\t<p>Lorsque les emprunteurs manquent de paiements et que les pr\u00eats deviennent en retard, le service de recouvrement de goPeer fait un effort raisonnable pour recouvrer l&#039;argent d\u00fb aux investisseurs.<\/p><p><strong>goPeer ne facture pas de frais de recouvrement aux investisseurs<\/strong>, cependant, le montant payable aux investisseurs sera r\u00e9duit de tous les frais de recouvrement directs engag\u00e9s par goPeer, y compris les frais juridiques, les frais de d\u00e9p\u00f4t au tribunal ou tout autre frais d&#039;agence de recouvrement ou de tiers.<\/p><p>goPeer ne facture pas de frais de recouvrement si aucun paiement n&#039;est encaiss\u00e9, et aucun frais de recouvrement ne sera factur\u00e9 au-del\u00e0 du montant r\u00e9cup\u00e9r\u00e9.<\/p>\t\t\t\t\t\t\t\t<\/div>\n\t\t\t\t<\/div>\n\t\t\t\t<div class=\"elementor-element elementor-element-0dbff93 elementor-widget elementor-widget-button\" data-id=\"0dbff93\" data-element_type=\"widget\" data-e-type=\"widget\" data-widget_type=\"button.default\">\n\t\t\t\t<div class=\"elementor-widget-container\">\n\t\t\t\t\t\t\t\t\t<div class=\"elementor-button-wrapper\">\n\t\t\t\t\t<a class=\"elementor-button elementor-button-link elementor-size-sm\" href=\"https:\/\/help.gopeer.ca\/hc\/en-ca\/categories\/360003880174-Investing\" target=\"_blank\" rel=\"nofollow noopener\">\n\t\t\t\t\t\t<span class=\"elementor-button-content-wrapper\">\n\t\t\t\t\t\t\t\t\t<span class=\"elementor-button-text\">Centre d&#039;aide<\/span>\n\t\t\t\t\t<\/span>\n\t\t\t\t\t<\/a>\n\t\t\t\t<\/div>\n\t\t\t\t\t\t\t\t<\/div>\n\t\t\t\t<\/div>\n\t\t\t\t<\/div>\n\t\t<div class=\"elementor-element elementor-element-0cad1ed e-con-full e-flex e-con e-child\" data-id=\"0cad1ed\" data-element_type=\"container\" data-e-type=\"container\">\n\t\t<div class=\"elementor-element elementor-element-634c2c2 e-flex e-con-boxed e-con e-child\" data-id=\"634c2c2\" data-element_type=\"container\" data-e-type=\"container\" data-settings=\"{&quot;background_background&quot;:&quot;classic&quot;}\">\n\t\t\t\t\t<div class=\"e-con-inner\">\n\t\t\t\t<div class=\"elementor-element elementor-element-1733385 elementor-widget elementor-widget-heading\" data-id=\"1733385\" data-element_type=\"widget\" data-e-type=\"widget\" data-widget_type=\"heading.default\">\n\t\t\t\t<div class=\"elementor-widget-container\">\n\t\t\t\t\t<h2 class=\"elementor-heading-title elementor-size-default\">Frais de service<\/h2>\t\t\t\t<\/div>\n\t\t\t\t<\/div>\n\t\t\t\t<div class=\"elementor-element elementor-element-74c2e1f elementor-widget elementor-widget-text-editor\" data-id=\"74c2e1f\" data-element_type=\"widget\" data-e-type=\"widget\" data-widget_type=\"text-editor.default\">\n\t\t\t\t<div class=\"elementor-widget-container\">\n\t\t\t\t\t\t\t\t\t<p>goPeer facture des frais de service annuels de 1,5%, qui s&#039;appliquent \u00e0 hauteur de 1\/12\u00e8me de 1,5% (0,125%) de frais mensuels sur le solde principal impay\u00e9 des pr\u00eats impay\u00e9s.<\/p><p>Ces frais sont d\u00e9duits directement des paiements de l&#039;emprunteur. Cela signifie que vous ne payez que lorsque vous gagnez via goPeer.<\/p>\t\t\t\t\t\t\t\t<\/div>\n\t\t\t\t<\/div>\n\t\t\t\t<div class=\"elementor-element elementor-element-d4eee9a elementor-widget elementor-widget-image\" data-id=\"d4eee9a\" data-element_type=\"widget\" data-e-type=\"widget\" data-widget_type=\"image.default\">\n\t\t\t\t<div class=\"elementor-widget-container\">\n\t\t\t\t\t\t\t\t\t\t\t\t\t\t\t<img loading=\"lazy\" decoding=\"async\" width=\"431\" height=\"184\" src=\"https:\/\/dev.gopeer.ca\/wp-content\/uploads\/2023\/08\/Frame-48096600.png\" class=\"attachment-full size-full wp-image-1373\" alt=\"\" srcset=\"https:\/\/dev.gopeer.ca\/wp-content\/uploads\/2023\/08\/Frame-48096600.png 431w, https:\/\/dev.gopeer.ca\/wp-content\/uploads\/2023\/08\/Frame-48096600-300x128.png 300w, https:\/\/dev.gopeer.ca\/wp-content\/uploads\/2023\/08\/Frame-48096600-18x8.png 18w\" sizes=\"(max-width: 431px) 100vw, 431px\" \/>\t\t\t\t\t\t\t\t\t\t\t\t\t\t\t<\/div>\n\t\t\t\t<\/div>\n\t\t\t\t\t<\/div>\n\t\t\t\t<\/div>\n\t\t<div class=\"elementor-element elementor-element-4955de4 e-flex e-con-boxed e-con e-child\" data-id=\"4955de4\" data-element_type=\"container\" data-e-type=\"container\" data-settings=\"{&quot;background_background&quot;:&quot;classic&quot;}\">\n\t\t\t\t\t<div class=\"e-con-inner\">\n\t\t\t\t<div class=\"elementor-element elementor-element-04532a7 elementor-widget elementor-widget-heading\" data-id=\"04532a7\" data-element_type=\"widget\" data-e-type=\"widget\" data-widget_type=\"heading.default\">\n\t\t\t\t<div class=\"elementor-widget-container\">\n\t\t\t\t\t<h2 class=\"elementor-heading-title elementor-size-default\">Pas d&#039;autres frais<\/h2>\t\t\t\t<\/div>\n\t\t\t\t<\/div>\n\t\t\t\t<div class=\"elementor-element elementor-element-99564e4 elementor-widget elementor-widget-text-editor\" data-id=\"99564e4\" data-element_type=\"widget\" data-e-type=\"widget\" data-widget_type=\"text-editor.default\">\n\t\t\t\t<div class=\"elementor-widget-container\">\n\t\t\t\t\t\t\t\t\t<p>Il n&#039;y a pas de frais de gestion, de compte de courtage ou de transaction. Il n&#039;y a aucun frais pour d\u00e9poser, transf\u00e9rer ou retirer des fonds.<\/p>\t\t\t\t\t\t\t\t<\/div>\n\t\t\t\t<\/div>\n\t\t\t\t\t<\/div>\n\t\t\t\t<\/div>\n\t\t\t\t<\/div>\n\t\t\t\t\t<\/div>\n\t\t\t\t<\/div>\n\t\t<div class=\"elementor-element elementor-element-771e4c2 e-flex e-con-boxed e-con e-parent\" data-id=\"771e4c2\" data-element_type=\"container\" data-e-type=\"container\" data-settings=\"{&quot;background_background&quot;:&quot;classic&quot;}\">\n\t\t\t\t\t<div class=\"e-con-inner\">\n\t\t\t\t<div class=\"elementor-element elementor-element-884af9f elementor-widget elementor-widget-heading\" data-id=\"884af9f\" data-element_type=\"widget\" data-e-type=\"widget\" data-widget_type=\"heading.default\">\n\t\t\t\t<div class=\"elementor-widget-container\">\n\t\t\t\t\t<h2 class=\"elementor-heading-title elementor-size-default\">Avoir des questions?<span style=\"color: #FF595B\">.<\/span><\/h2>\t\t\t\t<\/div>\n\t\t\t\t<\/div>\n\t\t\t\t<div class=\"elementor-element elementor-element-c2bd31b elementor-widget elementor-widget-text-editor\" data-id=\"c2bd31b\" data-element_type=\"widget\" data-e-type=\"widget\" data-widget_type=\"text-editor.default\">\n\t\t\t\t<div class=\"elementor-widget-container\">\n\t\t\t\t\t\t\t\t\t<p>Nous disposons d&#039;un centre d&#039;aide d\u00e9taill\u00e9 pour r\u00e9pondre \u00e0 certaines questions fr\u00e9quemment pos\u00e9es.<\/p>\t\t\t\t\t\t\t\t<\/div>\n\t\t\t\t<\/div>\n\t\t\t\t<div class=\"elementor-element elementor-element-f6da3e9 elementor-align-center elementor-widget elementor-widget-button\" data-id=\"f6da3e9\" data-element_type=\"widget\" data-e-type=\"widget\" data-widget_type=\"button.default\">\n\t\t\t\t<div class=\"elementor-widget-container\">\n\t\t\t\t\t\t\t\t\t<div class=\"elementor-button-wrapper\">\n\t\t\t\t\t<a class=\"elementor-button elementor-button-link elementor-size-xl\" href=\"https:\/\/help.gopeer.ca\/hc\/en-ca\/categories\/360003880174-Investing\" target=\"_blank\" rel=\"nofollow noopener\">\n\t\t\t\t\t\t<span class=\"elementor-button-content-wrapper\">\n\t\t\t\t\t\t\t\t\t<span class=\"elementor-button-text\">Centre d&#039;aide<\/span>\n\t\t\t\t\t<\/span>\n\t\t\t\t\t<\/a>\n\t\t\t\t<\/div>\n\t\t\t\t\t\t\t\t<\/div>\n\t\t\t\t<\/div>\n\t\t\t\t\t<\/div>\n\t\t\t\t<\/div>\n\t\t\t\t<\/div>","protected":false},"excerpt":{"rendered":"<p>Frais pour les investisseurs. goPeer s&#039;engage \u00e0 une transparence totale concernant les frais factur\u00e9s aux investisseurs. Frais factur\u00e9s aux investisseurs. goPeer pr\u00e9l\u00e8ve des frais de gestion de 1,5%, d\u00e9duits des paiements des emprunteurs sur les pr\u00eats sous-jacents \u00e0 vos titres. Peer Securities ne facture aucun frais de compte de courtage ou de transaction suppl\u00e9mentaires. Commencez \u00e0 investir. Frais de recouvrement. Lorsque les emprunteurs manquent leurs \u00e9ch\u00e9ances [\u2026]<\/p>","protected":false},"author":3,"featured_media":0,"parent":0,"menu_order":0,"comment_status":"closed","ping_status":"closed","template":"elementor_header_footer","meta":{"inline_featured_image":false,"footnotes":""},"class_list":["post-1255","page","type-page","status-publish","hentry"],"_links":{"self":[{"href":"https:\/\/dev.gopeer.ca\/fr_ca\/wp-json\/wp\/v2\/pages\/1255","targetHints":{"allow":["GET"]}}],"collection":[{"href":"https:\/\/dev.gopeer.ca\/fr_ca\/wp-json\/wp\/v2\/pages"}],"about":[{"href":"https:\/\/dev.gopeer.ca\/fr_ca\/wp-json\/wp\/v2\/types\/page"}],"author":[{"embeddable":true,"href":"https:\/\/dev.gopeer.ca\/fr_ca\/wp-json\/wp\/v2\/users\/3"}],"replies":[{"embeddable":true,"href":"https:\/\/dev.gopeer.ca\/fr_ca\/wp-json\/wp\/v2\/comments?post=1255"}],"version-history":[{"count":62,"href":"https:\/\/dev.gopeer.ca\/fr_ca\/wp-json\/wp\/v2\/pages\/1255\/revisions"}],"predecessor-version":[{"id":6284,"href":"https:\/\/dev.gopeer.ca\/fr_ca\/wp-json\/wp\/v2\/pages\/1255\/revisions\/6284"}],"wp:attachment":[{"href":"https:\/\/dev.gopeer.ca\/fr_ca\/wp-json\/wp\/v2\/media?parent=1255"}],"curies":[{"name":"wp","href":"https:\/\/api.w.org\/{rel}","templated":true}]}}