{"id":1993,"date":"2023-08-31T10:43:06","date_gmt":"2023-08-31T14:43:06","guid":{"rendered":"http:\/\/dev.gopeer.ca\/?page_id=1993"},"modified":"2024-11-13T20:14:10","modified_gmt":"2024-11-14T01:14:10","slug":"contact-us","status":"publish","type":"page","link":"https:\/\/dev.gopeer.ca\/fr_ca\/contact-us\/","title":{"rendered":"Contactez-nous"},"content":{"rendered":"<div data-elementor-type=\"wp-page\" data-elementor-id=\"1993\" class=\"elementor elementor-1993\" data-elementor-post-type=\"page\">\n\t\t\t\t<div class=\"elementor-element elementor-element-fb6aea6 e-flex e-con-boxed e-con e-parent\" data-id=\"fb6aea6\" data-element_type=\"container\" data-e-type=\"container\" data-settings=\"{&quot;background_background&quot;:&quot;classic&quot;}\">\n\t\t\t\t\t<div class=\"e-con-inner\">\n\t\t<div class=\"elementor-element elementor-element-571b84c e-con-full e-flex e-con e-child\" data-id=\"571b84c\" data-element_type=\"container\" data-e-type=\"container\" data-settings=\"{&quot;background_background&quot;:&quot;classic&quot;}\">\n\t\t\t\t<div class=\"elementor-element elementor-element-906c927 elementor-widget elementor-widget-heading\" data-id=\"906c927\" data-element_type=\"widget\" data-e-type=\"widget\" data-widget_type=\"heading.default\">\n\t\t\t\t<div class=\"elementor-widget-container\">\n\t\t\t\t\t<h1 class=\"elementor-heading-title elementor-size-default\">Nous aimerions recevoir de vos nouvelles<span class=\"color-rojo\">.<\/span><\/h1>\t\t\t\t<\/div>\n\t\t\t\t<\/div>\n\t\t\t\t<div class=\"elementor-element elementor-element-f0f60c7 elementor-widget elementor-widget-text-editor\" data-id=\"f0f60c7\" data-element_type=\"widget\" data-e-type=\"widget\" data-widget_type=\"text-editor.default\">\n\t\t\t\t<div class=\"elementor-widget-container\">\n\t\t\t\t\t\t\t\t\t<p>L&#039;\u00e9quipe goPeer est toujours l\u00e0 pour vous aider. Contactez l\u2019un de nos experts pour plus d\u2019informations.<\/p>\t\t\t\t\t\t\t\t<\/div>\n\t\t\t\t<\/div>\n\t\t\t\t<div class=\"elementor-element elementor-element-aba9b49 elementor-position-left elementor-vertical-align-middle elementor-widget elementor-widget-image-box\" data-id=\"aba9b49\" data-element_type=\"widget\" data-e-type=\"widget\" data-widget_type=\"image-box.default\">\n\t\t\t\t<div class=\"elementor-widget-container\">\n\t\t\t\t\t<div class=\"elementor-image-box-wrapper\"><figure class=\"elementor-image-box-img\"><a href=\"mailto:hello@gopeer.ca\" target=\"_blank\" rel=\"nofollow\" tabindex=\"-1\"><img decoding=\"async\" width=\"48\" height=\"48\" src=\"https:\/\/dev.gopeer.ca\/wp-content\/uploads\/2023\/08\/email.png\" class=\"attachment-full size-full wp-image-2016\" alt=\"\" srcset=\"https:\/\/dev.gopeer.ca\/wp-content\/uploads\/2023\/08\/email.png 48w, https:\/\/dev.gopeer.ca\/wp-content\/uploads\/2023\/08\/email-12x12.png 12w\" sizes=\"(max-width: 48px) 100vw, 48px\" \/><\/a><\/figure><div class=\"elementor-image-box-content\"><h3 class=\"elementor-image-box-title\"><a href=\"mailto:hello@gopeer.ca\" target=\"_blank\" rel=\"nofollow\">Envoyez-nous un e-mail<\/a><\/h3><p class=\"elementor-image-box-description\">hello@gopeer.ca<\/p><\/div><\/div>\t\t\t\t<\/div>\n\t\t\t\t<\/div>\n\t\t\t\t<div class=\"elementor-element elementor-element-f68ef8a elementor-widget-divider--view-line elementor-widget elementor-widget-divider\" data-id=\"f68ef8a\" data-element_type=\"widget\" data-e-type=\"widget\" data-widget_type=\"divider.default\">\n\t\t\t\t<div class=\"elementor-widget-container\">\n\t\t\t\t\t\t\t<div class=\"elementor-divider\">\n\t\t\t<span class=\"elementor-divider-separator\">\n\t\t\t\t\t\t<\/span>\n\t\t<\/div>\n\t\t\t\t\t\t<\/div>\n\t\t\t\t<\/div>\n\t\t\t\t<div class=\"elementor-element elementor-element-68c9a5c elementor-position-left elementor-vertical-align-middle elementor-widget elementor-widget-image-box\" data-id=\"68c9a5c\" data-element_type=\"widget\" data-e-type=\"widget\" data-widget_type=\"image-box.default\">\n\t\t\t\t<div class=\"elementor-widget-container\">\n\t\t\t\t\t<div class=\"elementor-image-box-wrapper\"><figure class=\"elementor-image-box-img\"><a href=\"tel:+18449603090\" target=\"_blank\" rel=\"nofollow\" tabindex=\"-1\"><img decoding=\"async\" width=\"48\" height=\"48\" src=\"https:\/\/dev.gopeer.ca\/wp-content\/uploads\/2023\/08\/phone.png\" class=\"attachment-full size-full wp-image-2015\" alt=\"\" srcset=\"https:\/\/dev.gopeer.ca\/wp-content\/uploads\/2023\/08\/phone.png 48w, https:\/\/dev.gopeer.ca\/wp-content\/uploads\/2023\/08\/phone-12x12.png 12w\" sizes=\"(max-width: 48px) 100vw, 48px\" \/><\/a><\/figure><div class=\"elementor-image-box-content\"><h3 class=\"elementor-image-box-title\"><a href=\"tel:+18449603090\" target=\"_blank\" rel=\"nofollow\">Appelez-nous<\/a><\/h3><p class=\"elementor-image-box-description\">1 (844) 960-3090<\/p><\/div><\/div>\t\t\t\t<\/div>\n\t\t\t\t<\/div>\n\t\t\t\t<\/div>\n\t\t<div class=\"elementor-element elementor-element-ac57f96 e-con-full e-flex e-con e-child\" data-id=\"ac57f96\" data-element_type=\"container\" data-e-type=\"container\" data-settings=\"{&quot;background_background&quot;:&quot;classic&quot;}\">\n\t\t\t\t<div class=\"elementor-element elementor-element-e676476 elementor-widget elementor-widget-heading\" data-id=\"e676476\" data-element_type=\"widget\" data-e-type=\"widget\" data-widget_type=\"heading.default\">\n\t\t\t\t<div class=\"elementor-widget-container\">\n\t\t\t\t\t<h2 class=\"elementor-heading-title elementor-size-default\">Contactez-nous<\/h2>\t\t\t\t<\/div>\n\t\t\t\t<\/div>\n\t\t\t\t<div class=\"elementor-element elementor-element-9397784 elementor-widget elementor-widget-text-editor\" data-id=\"9397784\" data-element_type=\"widget\" data-e-type=\"widget\" data-widget_type=\"text-editor.default\">\n\t\t\t\t<div class=\"elementor-widget-container\">\n\t\t\t\t\t\t\t\t\t<p>Remplissez le formulaire. Nous vous r\u00e9pondrons dans un d\u00e9lai d&#039;un jour ouvrable.<\/p>\t\t\t\t\t\t\t\t<\/div>\n\t\t\t\t<\/div>\n\t\t\t\t<div class=\"elementor-element elementor-element-429cbf6 elementor-widget elementor-widget-html\" data-id=\"429cbf6\" data-element_type=\"widget\" data-e-type=\"widget\" id=\"hubspot-form-container\" data-no-translation=\"\" data-widget_type=\"html.default\">\n\t\t\t\t<div class=\"elementor-widget-container\">\n\t\t\t\t\t<style>.elementor-element-429cbf6{display:none !important}<\/style>\t\t\t\t<\/div>\n\t\t\t\t<\/div>\n\t\t\t\t<div class=\"elementor-element elementor-element-916a11d elementor-widget elementor-widget-html\" data-id=\"916a11d\" data-element_type=\"widget\" data-e-type=\"widget\" data-no-translation=\"\" data-widget_type=\"html.default\">\n\t\t\t\t<div class=\"elementor-widget-container\">\n\t\t\t\t\t<script charset=\"utf-8\" type=\"text\/javascript\" src=\"\/\/js.hsforms.net\/forms\/embed\/v2.js\"><\/script>\r\n<script>\r\n  hbspt.forms.create({\r\n    region: \"na1\",\r\n    portalId: \"6884905\",\r\n    formId: \"dd5c66da-3aa1-473d-a45d-8e3abb278bba\"\r\n  });\r\n<\/script>\t\t\t\t<\/div>\n\t\t\t\t<\/div>\n\t\t\t\t<\/div>\n\t\t\t\t\t<\/div>\n\t\t\t\t<\/div>\n\t\t\t\t<\/div>","protected":false},"excerpt":{"rendered":"<p>Nous aimerions avoir de vos nouvelles. L&#039;\u00e9quipe goPeer est toujours l\u00e0 pour vous aider. Contactez l&#039;un de nos experts pour plus d&#039;informations. Envoyez-nous un courriel \u00e0 hello@gopeer.ca Appelez-nous au 1 (844) 960-3090 Contactez-nous Remplissez le formulaire. Nous vous r\u00e9pondrons dans un d\u00e9lai d&#039;un jour ouvrable.<\/p>","protected":false},"author":3,"featured_media":0,"parent":0,"menu_order":0,"comment_status":"closed","ping_status":"closed","template":"elementor_header_footer","meta":{"inline_featured_image":false,"footnotes":""},"class_list":["post-1993","page","type-page","status-publish","hentry"],"_links":{"self":[{"href":"https:\/\/dev.gopeer.ca\/fr_ca\/wp-json\/wp\/v2\/pages\/1993","targetHints":{"allow":["GET"]}}],"collection":[{"href":"https:\/\/dev.gopeer.ca\/fr_ca\/wp-json\/wp\/v2\/pages"}],"about":[{"href":"https:\/\/dev.gopeer.ca\/fr_ca\/wp-json\/wp\/v2\/types\/page"}],"author":[{"embeddable":true,"href":"https:\/\/dev.gopeer.ca\/fr_ca\/wp-json\/wp\/v2\/users\/3"}],"replies":[{"embeddable":true,"href":"https:\/\/dev.gopeer.ca\/fr_ca\/wp-json\/wp\/v2\/comments?post=1993"}],"version-history":[{"count":30,"href":"https:\/\/dev.gopeer.ca\/fr_ca\/wp-json\/wp\/v2\/pages\/1993\/revisions"}],"predecessor-version":[{"id":4733,"href":"https:\/\/dev.gopeer.ca\/fr_ca\/wp-json\/wp\/v2\/pages\/1993\/revisions\/4733"}],"wp:attachment":[{"href":"https:\/\/dev.gopeer.ca\/fr_ca\/wp-json\/wp\/v2\/media?parent=1993"}],"curies":[{"name":"wp","href":"https:\/\/api.w.org\/{rel}","templated":true}]}}