{"id":3324,"date":"2023-09-08T15:46:53","date_gmt":"2023-09-08T19:46:53","guid":{"rendered":"http:\/\/dev.gopeer.ca\/?page_id=3324"},"modified":"2024-11-12T17:59:51","modified_gmt":"2024-11-12T22:59:51","slug":"career-senior-database-developer","status":"publish","type":"page","link":"https:\/\/dev.gopeer.ca\/fr_ca\/career-senior-database-developer\/","title":{"rendered":"Carri\u00e8re \u2013 D\u00e9veloppeur de bases de donn\u00e9es senior"},"content":{"rendered":"<div data-elementor-type=\"wp-page\" data-elementor-id=\"3324\" class=\"elementor elementor-3324\" data-elementor-post-type=\"page\">\n\t\t\t\t<div class=\"elementor-element elementor-element-ffcc47b e-flex e-con-boxed e-con e-parent\" data-id=\"ffcc47b\" data-element_type=\"container\" data-e-type=\"container\" data-settings=\"{&quot;background_background&quot;:&quot;classic&quot;}\">\n\t\t\t\t\t<div class=\"e-con-inner\">\n\t\t\t\t<div class=\"elementor-element elementor-element-b80ba1e elementor-widget elementor-widget-heading\" data-id=\"b80ba1e\" data-element_type=\"widget\" data-e-type=\"widget\" data-widget_type=\"heading.default\">\n\t\t\t\t<div class=\"elementor-widget-container\">\n\t\t\t\t\t<h2 class=\"elementor-heading-title elementor-size-default\">D\u00e9veloppeur de bases de donn\u00e9es senior<span class=\"color-rojo\">.<\/span><\/h2>\t\t\t\t<\/div>\n\t\t\t\t<\/div>\n\t\t<div class=\"elementor-element elementor-element-c5eae34 e-flex e-con-boxed e-con e-child\" data-id=\"c5eae34\" data-element_type=\"container\" data-e-type=\"container\">\n\t\t\t\t\t<div class=\"e-con-inner\">\n\t\t\t\t<div class=\"elementor-element elementor-element-732d854 elementor-position-inline-start elementor-mobile-position-inline-start elementor-view-default elementor-widget elementor-widget-icon-box\" data-id=\"732d854\" data-element_type=\"widget\" data-e-type=\"widget\" data-widget_type=\"icon-box.default\">\n\t\t\t\t<div class=\"elementor-widget-container\">\n\t\t\t\t\t\t\t<div class=\"elementor-icon-box-wrapper\">\n\n\t\t\t\t\t\t<div class=\"elementor-icon-box-icon\">\n\t\t\t\t<span  class=\"elementor-icon\">\n\t\t\t\t<svg xmlns=\"http:\/\/www.w3.org\/2000\/svg\" width=\"16\" height=\"20\" viewbox=\"0 0 16 20\" fill=\"none\"><path d=\"M8 10C8.55 10 9.021 9.804 9.413 9.412C9.80433 9.02067 10 8.55 10 8C10 7.45 9.80433 6.979 9.413 6.587C9.021 6.19567 8.55 6 8 6C7.45 6 6.97933 6.19567 6.588 6.587C6.196 6.979 6 7.45 6 8C6 8.55 6.196 9.02067 6.588 9.412C6.97933 9.804 7.45 10 8 10ZM8 17.35C10.0333 15.4833 11.5417 13.7873 12.525 12.262C13.5083 10.7373 14 9.38333 14 8.2C14 6.38333 13.4207 4.89567 12.262 3.737C11.104 2.579 9.68333 2 8 2C6.31667 2 4.89567 2.579 3.737 3.737C2.579 4.89567 2 6.38333 2 8.2C2 9.38333 2.49167 10.7373 3.475 12.262C4.45833 13.7873 5.96667 15.4833 8 17.35ZM8 20C5.31667 17.7167 3.31267 15.5957 1.988 13.637C0.662667 11.679 0 9.86667 0 8.2C0 5.7 0.804333 3.70833 2.413 2.225C4.021 0.741667 5.88333 0 8 0C10.1167 0 11.979 0.741667 13.587 2.225C15.1957 3.70833 16 5.7 16 8.2C16 9.86667 15.3377 11.679 14.013 13.637C12.6877 15.5957 10.6833 17.7167 8 20Z\" fill=\"white\"><\/path><\/svg>\t\t\t\t<\/span>\n\t\t\t<\/div>\n\t\t\t\n\t\t\t\t\t\t<div class=\"elementor-icon-box-content\">\n\n\t\t\t\t\n\t\t\t\t\t\t\t\t\t<p class=\"elementor-icon-box-description\">\n\t\t\t\t\t\t\u00c0 distance (Canada)\t\t\t\t\t<\/p>\n\t\t\t\t\n\t\t\t<\/div>\n\t\t\t\n\t\t<\/div>\n\t\t\t\t\t\t<\/div>\n\t\t\t\t<\/div>\n\t\t\t\t<div class=\"elementor-element elementor-element-5614b45 elementor-position-inline-start elementor-mobile-position-inline-start elementor-view-default elementor-widget elementor-widget-icon-box\" data-id=\"5614b45\" data-element_type=\"widget\" data-e-type=\"widget\" data-widget_type=\"icon-box.default\">\n\t\t\t\t<div class=\"elementor-widget-container\">\n\t\t\t\t\t\t\t<div class=\"elementor-icon-box-wrapper\">\n\n\t\t\t\t\t\t<div class=\"elementor-icon-box-icon\">\n\t\t\t\t<span  class=\"elementor-icon\">\n\t\t\t\t<svg xmlns=\"http:\/\/www.w3.org\/2000\/svg\" width=\"20\" height=\"20\" viewbox=\"0 0 20 20\" fill=\"none\"><path d=\"M13.3 14.7L14.7 13.3L11 9.6V5H9V10.4L13.3 14.7ZM10 20C8.61667 20 7.31667 19.7373 6.1 19.212C4.88333 18.6873 3.825 17.975 2.925 17.075C2.025 16.175 1.31267 15.1167 0.788 13.9C0.262667 12.6833 0 11.3833 0 10C0 8.61667 0.262667 7.31667 0.788 6.1C1.31267 4.88333 2.025 3.825 2.925 2.925C3.825 2.025 4.88333 1.31233 6.1 0.787C7.31667 0.262333 8.61667 0 10 0C11.3833 0 12.6833 0.262333 13.9 0.787C15.1167 1.31233 16.175 2.025 17.075 2.925C17.975 3.825 18.6873 4.88333 19.212 6.1C19.7373 7.31667 20 8.61667 20 10C20 11.3833 19.7373 12.6833 19.212 13.9C18.6873 15.1167 17.975 16.175 17.075 17.075C16.175 17.975 15.1167 18.6873 13.9 19.212C12.6833 19.7373 11.3833 20 10 20ZM10 18C12.2167 18 14.1043 17.221 15.663 15.663C17.221 14.1043 18 12.2167 18 10C18 7.78333 17.221 5.89567 15.663 4.337C14.1043 2.779 12.2167 2 10 2C7.78333 2 5.896 2.779 4.338 4.337C2.77933 5.89567 2 7.78333 2 10C2 12.2167 2.77933 14.1043 4.338 15.663C5.896 17.221 7.78333 18 10 18Z\" fill=\"white\"><\/path><\/svg>\t\t\t\t<\/span>\n\t\t\t<\/div>\n\t\t\t\n\t\t\t\t\t\t<div class=\"elementor-icon-box-content\">\n\n\t\t\t\t\n\t\t\t\t\t\t\t\t\t<p class=\"elementor-icon-box-description\">\n\t\t\t\t\t\t\u00c0 temps plein\t\t\t\t\t<\/p>\n\t\t\t\t\n\t\t\t<\/div>\n\t\t\t\n\t\t<\/div>\n\t\t\t\t\t\t<\/div>\n\t\t\t\t<\/div>\n\t\t\t\t\t<\/div>\n\t\t\t\t<\/div>\n\t\t\t\t<div class=\"elementor-element elementor-element-b9de37a elementor-widget elementor-widget-button\" data-id=\"b9de37a\" data-element_type=\"widget\" data-e-type=\"widget\" data-widget_type=\"button.default\">\n\t\t\t\t<div class=\"elementor-widget-container\">\n\t\t\t\t\t\t\t\t\t<div class=\"elementor-button-wrapper\">\n\t\t\t\t\t<a class=\"elementor-button elementor-button-link elementor-size-sm\" href=\"\/fr_ca\/contact-us\/\">\n\t\t\t\t\t\t<span class=\"elementor-button-content-wrapper\">\n\t\t\t\t\t\t\t\t\t<span class=\"elementor-button-text\">Appliquer maintenant<\/span>\n\t\t\t\t\t<\/span>\n\t\t\t\t\t<\/a>\n\t\t\t\t<\/div>\n\t\t\t\t\t\t\t\t<\/div>\n\t\t\t\t<\/div>\n\t\t\t\t\t<\/div>\n\t\t\t\t<\/div>\n\t\t<div class=\"elementor-element elementor-element-ba949a4 e-flex e-con-boxed e-con e-parent\" data-id=\"ba949a4\" data-element_type=\"container\" data-e-type=\"container\" data-settings=\"{&quot;background_background&quot;:&quot;classic&quot;}\">\n\t\t\t\t\t<div class=\"e-con-inner\">\n\t\t<div class=\"elementor-element elementor-element-254ad4b e-con-full e-flex e-con e-child\" data-id=\"254ad4b\" data-element_type=\"container\" data-e-type=\"container\">\n\t\t\t\t<div class=\"elementor-element elementor-element-fad7e68 elementor-widget elementor-widget-heading\" data-id=\"fad7e68\" data-element_type=\"widget\" data-e-type=\"widget\" data-widget_type=\"heading.default\">\n\t\t\t\t<div class=\"elementor-widget-container\">\n\t\t\t\t\t<h2 class=\"elementor-heading-title elementor-size-default\">Description de l&#039;emploi<\/h2>\t\t\t\t<\/div>\n\t\t\t\t<\/div>\n\t\t\t\t<div class=\"elementor-element elementor-element-b2083ed elementor-widget elementor-widget-text-editor\" data-id=\"b2083ed\" data-element_type=\"widget\" data-e-type=\"widget\" data-widget_type=\"text-editor.default\">\n\t\t\t\t<div class=\"elementor-widget-container\">\n\t\t\t\t\t\t\t\t\t<p>goPeer est une entreprise de bien-\u00eatre financier et le premier pr\u00eateur peer-to-peer r\u00e9glement\u00e9 au Canada, reliant les emprunteurs et les investisseurs via un march\u00e9 en ligne. goPeer remplace les banques et les institutions financi\u00e8res traditionnelles pour offrir de meilleurs taux aux emprunteurs tout en cr\u00e9ant une nouvelle opportunit\u00e9 d&#039;investissement accessible \u00e0 tous les Canadiens.<br \/><br \/>Nous avons r\u00e9cemment lanc\u00e9 notre activit\u00e9 avec beaucoup de succ\u00e8s et sommes en passe de nous classer parmi les start-ups FinTech \u00e0 la croissance la plus rapide au Canada. Pour accompagner notre croissance, nous recrutons activement pour le poste de <strong>D\u00e9veloppeur de bases de donn\u00e9es senior,<\/strong> en mettant l&#039;accent sur la programmation PL\/pgSQL, l&#039;architecture de base de donn\u00e9es, la mod\u00e9lisation des donn\u00e9es et l&#039;optimisation des requ\u00eates.<br \/><br \/>Les candidats doivent avoir une v\u00e9ritable passion pour la technologie et l\u2019innovation socialement responsable, une volont\u00e9 de surmonter les obstacles et la curiosit\u00e9 de ne jamais cesser d\u2019apprendre. Nous sommes passionn\u00e9s par l\u2019introduction de l\u2019innovation financi\u00e8re au Canada, en surmontant les obstacles et en nous concentrant sur la sant\u00e9 financi\u00e8re des Canadiens ordinaires. Chez goPeer, nous nous mettons au d\u00e9fi de penser diff\u00e9remment et invitons tous \u00e0 partager notre vision et \u00e0 faire partie de ce que nous construisons.<\/p>\t\t\t\t\t\t\t\t<\/div>\n\t\t\t\t<\/div>\n\t\t\t\t<div class=\"elementor-element elementor-element-d765cce elementor-widget elementor-widget-heading\" data-id=\"d765cce\" data-element_type=\"widget\" data-e-type=\"widget\" data-widget_type=\"heading.default\">\n\t\t\t\t<div class=\"elementor-widget-container\">\n\t\t\t\t\t<h2 class=\"elementor-heading-title elementor-size-default\">Responsabilit\u00e9s<\/h2>\t\t\t\t<\/div>\n\t\t\t\t<\/div>\n\t\t\t\t<div class=\"elementor-element elementor-element-b63c2c0 elementor-widget elementor-widget-text-editor\" data-id=\"b63c2c0\" data-element_type=\"widget\" data-e-type=\"widget\" data-widget_type=\"text-editor.default\">\n\t\t\t\t<div class=\"elementor-widget-container\">\n\t\t\t\t\t\t\t\t\t<ul><li>D\u00e9veloppement de fonctions\/proc\u00e9dures stock\u00e9es et de d\u00e9clencheurs \u00e0 l&#039;aide de PL\/pgSQL<\/li><li>Architecture de base de donn\u00e9es \u00e9volutive, mod\u00e9lisation des donn\u00e9es et conception de sch\u00e9mas<\/li><li>Optimisation des performances, analyse et r\u00e9glage des requ\u00eates<\/li><li>Coordonner et travailler en \u00e9troite collaboration avec l&#039;\u00e9quipe de d\u00e9veloppement full stack et back-end existante<\/li><li>Fournir des recommandations pour l\u2019optimisation et l\u2019am\u00e9lioration des processus et des syst\u00e8mes<\/li><li>Plaider pour l\u2019utilisation des meilleures pratiques en mati\u00e8re de d\u00e9veloppement et de m\u00e9thodologies bas\u00e9es sur les tests<\/li><li>Veiller \u00e0 ce que la conformit\u00e9, la s\u00e9curit\u00e9 et la confidentialit\u00e9 restent au premier plan de toutes les d\u00e9cisions<\/li><li>Maintenir la documentation technique et aider \u00e0 la pr\u00e9paration de la documentation de l&#039;utilisateur final<\/li><li>Rester concentr\u00e9 sur le calendrier et les livrables du projet pour garantir une concentration ad\u00e9quate sur les priorit\u00e9s et pour surmonter les obstacles ou corriger le cap en temps opportun.<\/li><li>Travailler avec les parties prenantes et les clients pour r\u00e9soudre les lacunes et traiter les commentaires<\/li><li>Apporter une attitude positive \u00e0 l&#039;\u00e9quipe pour alimenter l&#039;\u00e9lan et un environnement sain<\/li><\/ul>\t\t\t\t\t\t\t\t<\/div>\n\t\t\t\t<\/div>\n\t\t\t\t<div class=\"elementor-element elementor-element-6ce8316 elementor-widget elementor-widget-heading\" data-id=\"6ce8316\" data-element_type=\"widget\" data-e-type=\"widget\" data-widget_type=\"heading.default\">\n\t\t\t\t<div class=\"elementor-widget-container\">\n\t\t\t\t\t<h2 class=\"elementor-heading-title elementor-size-default\">Comp\u00e9tences et qualifications<\/h2>\t\t\t\t<\/div>\n\t\t\t\t<\/div>\n\t\t\t\t<div class=\"elementor-element elementor-element-a256da1 elementor-widget elementor-widget-text-editor\" data-id=\"a256da1\" data-element_type=\"widget\" data-e-type=\"widget\" data-widget_type=\"text-editor.default\">\n\t\t\t\t<div class=\"elementor-widget-container\">\n\t\t\t\t\t\t\t\t\tNous nous concentrons sur les points forts : les \u00e9l\u00e9ments suivants ne constituent pas des exigences, mais des lignes directrices pour une meilleure ad\u00e9quation.\t\t\t\t\t\t\t\t<\/div>\n\t\t\t\t<\/div>\n\t\t\t\t<div class=\"elementor-element elementor-element-a22e919 elementor-widget elementor-widget-text-editor\" data-id=\"a22e919\" data-element_type=\"widget\" data-e-type=\"widget\" data-widget_type=\"text-editor.default\">\n\t\t\t\t<div class=\"elementor-widget-container\">\n\t\t\t\t\t\t\t\t\t<ul><li>Dipl\u00f4me universitaire ou coll\u00e9gial en informatique, ou exp\u00e9rience comparable<br \/>Au moins 4 ans d&#039;exp\u00e9rience pertinente en d\u00e9veloppement de bases de donn\u00e9es, de pr\u00e9f\u00e9rence en utilisant PostgreSQL, et un bonus si vous travaillez dans un secteur connexe<\/li><li>Curiosit\u00e9 avec un fort d\u00e9sir d&#039;apprendre et d&#039;innover, d&#039;anticiper les tendances et de construire des syst\u00e8mes \u00e0 l&#039;\u00e9preuve du temps<\/li><li>Capable de travailler en collaboration avec une \u00e9quipe ainsi que de mani\u00e8re ind\u00e9pendante avec un minimum de supervision<\/li><li>Capacit\u00e9 \u00e0 s&#039;adapter \u00e0 des priorit\u00e9s changeantes tout en \u00e9quilibrant les objectifs et en surmontant les distractions<\/li><li>Bonne connaissance pratique des m\u00e9thodologies agiles et des livrables du cycle de vie du d\u00e9veloppement d&#039;applications pour garantir une concentration ad\u00e9quate sur les priorit\u00e9s et pour surmonter les obstacles ou corriger le cap en temps opportun.<\/li><\/ul>\t\t\t\t\t\t\t\t<\/div>\n\t\t\t\t<\/div>\n\t\t\t\t<div class=\"elementor-element elementor-element-407a21f elementor-widget elementor-widget-heading\" data-id=\"407a21f\" data-element_type=\"widget\" data-e-type=\"widget\" data-widget_type=\"heading.default\">\n\t\t\t\t<div class=\"elementor-widget-container\">\n\t\t\t\t\t<h2 class=\"elementor-heading-title elementor-size-default\">Technologies pr\u00e9f\u00e9r\u00e9es<\/h2>\t\t\t\t<\/div>\n\t\t\t\t<\/div>\n\t\t\t\t<div class=\"elementor-element elementor-element-d9378b6 elementor-widget elementor-widget-text-editor\" data-id=\"d9378b6\" data-element_type=\"widget\" data-e-type=\"widget\" data-widget_type=\"text-editor.default\">\n\t\t\t\t<div class=\"elementor-widget-container\">\n\t\t\t\t\t\t\t\t\tNous nous concentrons sur les points forts : les \u00e9l\u00e9ments suivants ne constituent pas des exigences, mais des lignes directrices pour une meilleure ad\u00e9quation.\t\t\t\t\t\t\t\t<\/div>\n\t\t\t\t<\/div>\n\t\t\t\t<div class=\"elementor-element elementor-element-207cd65 elementor-widget elementor-widget-text-editor\" data-id=\"207cd65\" data-element_type=\"widget\" data-e-type=\"widget\" data-widget_type=\"text-editor.default\">\n\t\t\t\t<div class=\"elementor-widget-container\">\n\t\t\t\t\t\t\t\t\t<ul><li>Ma\u00eetrise des normes et m\u00e9thodologies de d\u00e9veloppement actuelles<\/li><li>Solides comp\u00e9tences en d\u00e9veloppement avec une exp\u00e9rience de l&#039;utilisation de PL\/pgSQL de pr\u00e9f\u00e9rence<\/li><li>Connaissance des services Web\/JSON\/XML\/ REST\/API\/Serverless<\/li><li>Exp\u00e9rience avec les outils de Business Intelligence (PowerBI, Tableau)<\/li><li>Syst\u00e8mes de gestion de code et de contr\u00f4le de version, exp\u00e9rience privil\u00e9gi\u00e9e avec Git<\/li><li>Infrastructure cloud, de pr\u00e9f\u00e9rence Amazon AWS et RDS<\/li><li>Outils de planification de projet et de collaboration, y compris la pile Atlassian<\/li><\/ul>\t\t\t\t\t\t\t\t<\/div>\n\t\t\t\t<\/div>\n\t\t\t\t<div class=\"elementor-element elementor-element-43b0cf9 elementor-widget elementor-widget-text-editor\" data-id=\"43b0cf9\" data-element_type=\"widget\" data-e-type=\"widget\" data-widget_type=\"text-editor.default\">\n\t\t\t\t<div class=\"elementor-widget-container\">\n\t\t\t\t\t\t\t\t\tPour en savoir plus ou postuler, veuillez envoyer un courriel \u00e0 join@gopeer.ca\u00a0; les candidatures doivent inclure votre CV et une lettre de motivation d\u00e9taillant pourquoi vous \u00eates un candidat, avec des exemples d&#039;exp\u00e9rience pertinente. De plus, veuillez partager tout projet de passe-temps ou communautaire connexe auquel vous avez contribu\u00e9.\t\t\t\t\t\t\t\t<\/div>\n\t\t\t\t<\/div>\n\t\t\t\t<\/div>\n\t\t\t\t\t<\/div>\n\t\t\t\t<\/div>\n\t\t\t\t<\/div>","protected":false},"excerpt":{"rendered":"<p>D\u00e9veloppeur de bases de donn\u00e9es senior. \u00c0 distance (Canada) \u00c0 temps plein Postulez maintenant Description du poste goPeer est une entreprise de bien-\u00eatre financier et le premier pr\u00eateur peer-to-peer r\u00e9glement\u00e9 au Canada, reliant les emprunteurs et les investisseurs via un march\u00e9 en ligne. goPeer remplace les banques et les institutions financi\u00e8res traditionnelles pour offrir de meilleurs taux aux emprunteurs tout en cr\u00e9ant une nouvelle opportunit\u00e9 d&#039;investissement accessible \u00e0 tous les Canadiens. Nous [\u2026]<\/p>","protected":false},"author":3,"featured_media":0,"parent":0,"menu_order":0,"comment_status":"closed","ping_status":"closed","template":"elementor_header_footer","meta":{"inline_featured_image":false,"footnotes":""},"class_list":["post-3324","page","type-page","status-publish","hentry"],"_links":{"self":[{"href":"https:\/\/dev.gopeer.ca\/fr_ca\/wp-json\/wp\/v2\/pages\/3324","targetHints":{"allow":["GET"]}}],"collection":[{"href":"https:\/\/dev.gopeer.ca\/fr_ca\/wp-json\/wp\/v2\/pages"}],"about":[{"href":"https:\/\/dev.gopeer.ca\/fr_ca\/wp-json\/wp\/v2\/types\/page"}],"author":[{"embeddable":true,"href":"https:\/\/dev.gopeer.ca\/fr_ca\/wp-json\/wp\/v2\/users\/3"}],"replies":[{"embeddable":true,"href":"https:\/\/dev.gopeer.ca\/fr_ca\/wp-json\/wp\/v2\/comments?post=3324"}],"version-history":[{"count":10,"href":"https:\/\/dev.gopeer.ca\/fr_ca\/wp-json\/wp\/v2\/pages\/3324\/revisions"}],"predecessor-version":[{"id":5267,"href":"https:\/\/dev.gopeer.ca\/fr_ca\/wp-json\/wp\/v2\/pages\/3324\/revisions\/5267"}],"wp:attachment":[{"href":"https:\/\/dev.gopeer.ca\/fr_ca\/wp-json\/wp\/v2\/media?parent=3324"}],"curies":[{"name":"wp","href":"https:\/\/api.w.org\/{rel}","templated":true}]}}