{"id":4270,"date":"2024-05-21T09:51:41","date_gmt":"2024-05-21T13:51:41","guid":{"rendered":"https:\/\/dev.gopeer.ca\/?page_id=4270"},"modified":"2024-11-13T20:36:47","modified_gmt":"2024-11-14T01:36:47","slug":"partnerships","status":"publish","type":"page","link":"https:\/\/dev.gopeer.ca\/fr_ca\/partnerships\/","title":{"rendered":"Partenariats"},"content":{"rendered":"<div data-elementor-type=\"wp-page\" data-elementor-id=\"4270\" class=\"elementor elementor-4270\" data-elementor-post-type=\"page\">\n\t\t\t\t<div class=\"elementor-element elementor-element-f4e8740 e-flex e-con-boxed e-con e-parent\" data-id=\"f4e8740\" data-element_type=\"container\" data-e-type=\"container\" data-settings=\"{&quot;background_background&quot;:&quot;classic&quot;}\">\n\t\t\t\t\t<div class=\"e-con-inner\">\n\t\t<div class=\"elementor-element elementor-element-3443f37 e-con-full e-flex e-con e-child\" data-id=\"3443f37\" data-element_type=\"container\" data-e-type=\"container\">\n\t\t\t\t<div class=\"elementor-element elementor-element-b81e6cf elementor-widget elementor-widget-heading\" data-id=\"b81e6cf\" data-element_type=\"widget\" data-e-type=\"widget\" data-widget_type=\"heading.default\">\n\t\t\t\t<div class=\"elementor-widget-container\">\n\t\t\t\t\t<h2 class=\"elementor-heading-title elementor-size-default\">Partenaire avec goPeer<span style=\"color: #FF595B\">.<\/span><\/h2>\t\t\t\t<\/div>\n\t\t\t\t<\/div>\n\t\t\t\t<div class=\"elementor-element elementor-element-ed74e2c elementor-widget elementor-widget-text-editor\" data-id=\"ed74e2c\" data-element_type=\"widget\" data-e-type=\"widget\" data-widget_type=\"text-editor.default\">\n\t\t\t\t<div class=\"elementor-widget-container\">\n\t\t\t\t\t\t\t\t\t<p>Connectez-vous avec nous et explorez les partenariats et collaborations potentiels.<\/p>\t\t\t\t\t\t\t\t<\/div>\n\t\t\t\t<\/div>\n\t\t\t\t<\/div>\n\t\t<div class=\"elementor-element elementor-element-c82fe73 e-con-full e-flex e-con e-child\" data-id=\"c82fe73\" data-element_type=\"container\" data-e-type=\"container\">\n\t\t\t\t<div class=\"elementor-element elementor-element-6d1b0a9 elementor-widget elementor-widget-image\" data-id=\"6d1b0a9\" data-element_type=\"widget\" data-e-type=\"widget\" data-widget_type=\"image.default\">\n\t\t\t\t<div class=\"elementor-widget-container\">\n\t\t\t\t\t\t\t\t\t\t\t\t\t\t\t<img fetchpriority=\"high\" decoding=\"async\" width=\"715\" height=\"650\" src=\"https:\/\/dev.gopeer.ca\/wp-content\/uploads\/2023\/09\/Partnership-page-header-1.png\" class=\"attachment-full size-full wp-image-4068\" alt=\"\" srcset=\"https:\/\/dev.gopeer.ca\/wp-content\/uploads\/2023\/09\/Partnership-page-header-1.png 715w, https:\/\/dev.gopeer.ca\/wp-content\/uploads\/2023\/09\/Partnership-page-header-1-300x273.png 300w, https:\/\/dev.gopeer.ca\/wp-content\/uploads\/2023\/09\/Partnership-page-header-1-13x12.png 13w\" sizes=\"(max-width: 715px) 100vw, 715px\" \/>\t\t\t\t\t\t\t\t\t\t\t\t\t\t\t<\/div>\n\t\t\t\t<\/div>\n\t\t\t\t<\/div>\n\t\t\t\t\t<\/div>\n\t\t\t\t<\/div>\n\t\t<div class=\"elementor-element elementor-element-c3fa0ac e-flex e-con-boxed e-con e-parent\" data-id=\"c3fa0ac\" data-element_type=\"container\" data-e-type=\"container\" data-settings=\"{&quot;background_background&quot;:&quot;classic&quot;}\">\n\t\t\t\t\t<div class=\"e-con-inner\">\n\t\t<div class=\"elementor-element elementor-element-98fbb0e e-flex e-con-boxed e-con e-child\" data-id=\"98fbb0e\" data-element_type=\"container\" data-e-type=\"container\" data-settings=\"{&quot;background_background&quot;:&quot;classic&quot;}\">\n\t\t\t\t\t<div class=\"e-con-inner\">\n\t\t<div class=\"elementor-element elementor-element-c4a374e e-flex e-con-boxed e-con e-child\" data-id=\"c4a374e\" data-element_type=\"container\" data-e-type=\"container\" data-settings=\"{&quot;background_background&quot;:&quot;classic&quot;}\">\n\t\t\t\t\t<div class=\"e-con-inner\">\n\t\t<div class=\"elementor-element elementor-element-a71a93f e-con-full e-flex e-con e-child\" data-id=\"a71a93f\" data-element_type=\"container\" data-e-type=\"container\">\n\t\t<div class=\"elementor-element elementor-element-14b6e2e e-grid e-con-boxed e-con e-child\" data-id=\"14b6e2e\" data-element_type=\"container\" data-e-type=\"container\">\n\t\t\t\t\t<div class=\"e-con-inner\">\n\t\t<div class=\"elementor-element elementor-element-79fe4b9 e-con-full e-flex e-con e-child\" data-id=\"79fe4b9\" data-element_type=\"container\" data-e-type=\"container\" data-settings=\"{&quot;background_background&quot;:&quot;classic&quot;}\">\n\t\t\t\t<div class=\"elementor-element elementor-element-8d20f1c elementor-widget elementor-widget-image\" data-id=\"8d20f1c\" data-element_type=\"widget\" data-e-type=\"widget\" data-widget_type=\"image.default\">\n\t\t\t\t<div class=\"elementor-widget-container\">\n\t\t\t\t\t\t\t\t\t\t\t\t\t\t\t<img decoding=\"async\" width=\"890\" height=\"700\" src=\"https:\/\/dev.gopeer.ca\/wp-content\/uploads\/2023\/09\/Reporting-1.png\" class=\"attachment-full size-full wp-image-4053\" alt=\"\" srcset=\"https:\/\/dev.gopeer.ca\/wp-content\/uploads\/2023\/09\/Reporting-1.png 890w, https:\/\/dev.gopeer.ca\/wp-content\/uploads\/2023\/09\/Reporting-1-300x236.png 300w, https:\/\/dev.gopeer.ca\/wp-content\/uploads\/2023\/09\/Reporting-1-768x604.png 768w, https:\/\/dev.gopeer.ca\/wp-content\/uploads\/2023\/09\/Reporting-1-15x12.png 15w\" sizes=\"(max-width: 890px) 100vw, 890px\" \/>\t\t\t\t\t\t\t\t\t\t\t\t\t\t\t<\/div>\n\t\t\t\t<\/div>\n\t\t\t\t<div class=\"elementor-element elementor-element-40d6556 elementor-widget elementor-widget-text-editor\" data-id=\"40d6556\" data-element_type=\"widget\" data-e-type=\"widget\" data-widget_type=\"text-editor.default\">\n\t\t\t\t<div class=\"elementor-widget-container\">\n\t\t\t\t\t\t\t\t\t<p>Rapports flexibles<\/p>\t\t\t\t\t\t\t\t<\/div>\n\t\t\t\t<\/div>\n\t\t\t\t<div class=\"elementor-element elementor-element-701ea37 elementor-widget elementor-widget-text-editor\" data-id=\"701ea37\" data-element_type=\"widget\" data-e-type=\"widget\" data-widget_type=\"text-editor.default\">\n\t\t\t\t<div class=\"elementor-widget-container\">\n\t\t\t\t\t\t\t\t\t<p>Des outils de reporting personnalisables qui r\u00e9pondent aux besoins de votre entreprise, vous garantissant ainsi de disposer de toutes les informations n\u00e9cessaires.<\/p>\t\t\t\t\t\t\t\t<\/div>\n\t\t\t\t<\/div>\n\t\t\t\t<\/div>\n\t\t\t\t<div class=\"elementor-element elementor-element-608794a elementor-widget elementor-widget-image\" data-id=\"608794a\" data-element_type=\"widget\" data-e-type=\"widget\" data-widget_type=\"image.default\">\n\t\t\t\t<div class=\"elementor-widget-container\">\n\t\t\t\t\t\t\t\t\t\t\t\t\t\t\t<img decoding=\"async\" width=\"400\" height=\"500\" src=\"https:\/\/dev.gopeer.ca\/wp-content\/uploads\/2023\/09\/Partnership.png\" class=\"attachment-large size-large wp-image-4046\" alt=\"\" srcset=\"https:\/\/dev.gopeer.ca\/wp-content\/uploads\/2023\/09\/Partnership.png 400w, https:\/\/dev.gopeer.ca\/wp-content\/uploads\/2023\/09\/Partnership-240x300.png 240w, https:\/\/dev.gopeer.ca\/wp-content\/uploads\/2023\/09\/Partnership-10x12.png 10w\" sizes=\"(max-width: 400px) 100vw, 400px\" \/>\t\t\t\t\t\t\t\t\t\t\t\t\t\t\t<\/div>\n\t\t\t\t<\/div>\n\t\t\t\t\t<\/div>\n\t\t\t\t<\/div>\n\t\t<div class=\"elementor-element elementor-element-9adf751 e-flex e-con-boxed e-con e-child\" data-id=\"9adf751\" data-element_type=\"container\" data-e-type=\"container\" data-settings=\"{&quot;background_background&quot;:&quot;classic&quot;}\">\n\t\t\t\t\t<div class=\"e-con-inner\">\n\t\t<div class=\"elementor-element elementor-element-01306df e-flex e-con-boxed e-con e-child\" data-id=\"01306df\" data-element_type=\"container\" data-e-type=\"container\">\n\t\t\t\t\t<div class=\"e-con-inner\">\n\t\t\t\t<div class=\"elementor-element elementor-element-9080261 elementor-widget elementor-widget-text-editor\" data-id=\"9080261\" data-element_type=\"widget\" data-e-type=\"widget\" data-widget_type=\"text-editor.default\">\n\t\t\t\t<div class=\"elementor-widget-container\">\n\t\t\t\t\t\t\t\t\t<p>Connectez-vous avec le succ\u00e8s<\/p>\t\t\t\t\t\t\t\t<\/div>\n\t\t\t\t<\/div>\n\t\t\t\t<div class=\"elementor-element elementor-element-deb5429 elementor-widget elementor-widget-text-editor\" data-id=\"deb5429\" data-element_type=\"widget\" data-e-type=\"widget\" data-widget_type=\"text-editor.default\">\n\t\t\t\t<div class=\"elementor-widget-container\">\n\t\t\t\t\t\t\t\t\t<p>Rejoignez les meilleures entreprises d\u00e9j\u00e0 partenaires de goPeer.<\/p>\t\t\t\t\t\t\t\t<\/div>\n\t\t\t\t<\/div>\n\t\t\t\t\t<\/div>\n\t\t\t\t<\/div>\n\t\t\t\t<div class=\"elementor-element elementor-element-4e85f00 elementor-widget elementor-widget-image\" data-id=\"4e85f00\" data-element_type=\"widget\" data-e-type=\"widget\" data-widget_type=\"image.default\">\n\t\t\t\t<div class=\"elementor-widget-container\">\n\t\t\t\t\t\t\t\t\t\t\t\t\t\t\t<img loading=\"lazy\" decoding=\"async\" width=\"310\" height=\"140\" src=\"https:\/\/dev.gopeer.ca\/wp-content\/uploads\/2023\/09\/Parter-logos.png\" class=\"attachment-full size-full wp-image-4054\" alt=\"\" srcset=\"https:\/\/dev.gopeer.ca\/wp-content\/uploads\/2023\/09\/Parter-logos.png 310w, https:\/\/dev.gopeer.ca\/wp-content\/uploads\/2023\/09\/Parter-logos-300x135.png 300w, https:\/\/dev.gopeer.ca\/wp-content\/uploads\/2023\/09\/Parter-logos-18x8.png 18w\" sizes=\"(max-width: 310px) 100vw, 310px\" \/>\t\t\t\t\t\t\t\t\t\t\t\t\t\t\t<\/div>\n\t\t\t\t<\/div>\n\t\t\t\t\t<\/div>\n\t\t\t\t<\/div>\n\t\t\t\t<\/div>\n\t\t<div class=\"elementor-element elementor-element-5fc9939 e-con-full e-flex e-con e-child\" data-id=\"5fc9939\" data-element_type=\"container\" data-e-type=\"container\">\n\t\t<div class=\"elementor-element elementor-element-026fc82 e-con-full e-flex e-con e-child\" data-id=\"026fc82\" data-element_type=\"container\" data-e-type=\"container\" data-settings=\"{&quot;background_background&quot;:&quot;classic&quot;}\">\n\t\t\t\t<div class=\"elementor-element elementor-element-29791ce elementor-widget elementor-widget-text-editor\" data-id=\"29791ce\" data-element_type=\"widget\" data-e-type=\"widget\" data-widget_type=\"text-editor.default\">\n\t\t\t\t<div class=\"elementor-widget-container\">\n\t\t\t\t\t\t\t\t\t<p>Int\u00e9grations et arrangements personnalis\u00e9s<\/p>\t\t\t\t\t\t\t\t<\/div>\n\t\t\t\t<\/div>\n\t\t\t\t<div class=\"elementor-element elementor-element-df5cbbe elementor-widget elementor-widget-image\" data-id=\"df5cbbe\" data-element_type=\"widget\" data-e-type=\"widget\" data-widget_type=\"image.default\">\n\t\t\t\t<div class=\"elementor-widget-container\">\n\t\t\t\t\t\t\t\t\t\t\t\t\t\t\t<img loading=\"lazy\" decoding=\"async\" width=\"890\" height=\"700\" src=\"https:\/\/dev.gopeer.ca\/wp-content\/uploads\/2023\/09\/Connect.png\" class=\"attachment-full size-full wp-image-4059\" alt=\"\" srcset=\"https:\/\/dev.gopeer.ca\/wp-content\/uploads\/2023\/09\/Connect.png 890w, https:\/\/dev.gopeer.ca\/wp-content\/uploads\/2023\/09\/Connect-300x236.png 300w, https:\/\/dev.gopeer.ca\/wp-content\/uploads\/2023\/09\/Connect-768x604.png 768w, https:\/\/dev.gopeer.ca\/wp-content\/uploads\/2023\/09\/Connect-15x12.png 15w\" sizes=\"(max-width: 890px) 100vw, 890px\" \/>\t\t\t\t\t\t\t\t\t\t\t\t\t\t\t<\/div>\n\t\t\t\t<\/div>\n\t\t\t\t<div class=\"elementor-element elementor-element-4a3a917 elementor-widget elementor-widget-text-editor\" data-id=\"4a3a917\" data-element_type=\"widget\" data-e-type=\"widget\" data-widget_type=\"text-editor.default\">\n\t\t\t\t<div class=\"elementor-widget-container\">\n\t\t\t\t\t\t\t\t\t<p>Notre programme de partenariat offre des capacit\u00e9s \u00e9tendues de support et d\u2019int\u00e9gration pour vous aider \u00e0 mieux servir vos clients.\u00a0<\/p><p>Nous comprenons que chaque partenariat est unique. C&#039;est pourquoi nous proposons des formules flexibles adapt\u00e9es \u00e0 votre mod\u00e8le commercial et \u00e0 vos objectifs sp\u00e9cifiques.<\/p>\t\t\t\t\t\t\t\t<\/div>\n\t\t\t\t<\/div>\n\t\t\t\t<div class=\"elementor-element elementor-element-45ca89a elementor-align-right elementor-widget elementor-widget-button\" data-id=\"45ca89a\" data-element_type=\"widget\" data-e-type=\"widget\" data-widget_type=\"button.default\">\n\t\t\t\t<div class=\"elementor-widget-container\">\n\t\t\t\t\t\t\t\t\t<div class=\"elementor-button-wrapper\">\n\t\t\t\t\t<a class=\"elementor-button elementor-button-link elementor-size-sm\" href=\"\/fr_ca\/contact-us\/\">\n\t\t\t\t\t\t<span class=\"elementor-button-content-wrapper\">\n\t\t\t\t\t\t\t\t\t<span class=\"elementor-button-text\">Connecte-toi avec nous!<\/span>\n\t\t\t\t\t<\/span>\n\t\t\t\t\t<\/a>\n\t\t\t\t<\/div>\n\t\t\t\t\t\t\t\t<\/div>\n\t\t\t\t<\/div>\n\t\t\t\t<\/div>\n\t\t\t\t<\/div>\n\t\t\t\t\t<\/div>\n\t\t\t\t<\/div>\n\t\t\t\t\t<\/div>\n\t\t\t\t<\/div>\n\t\t\t\t\t<\/div>\n\t\t\t\t<\/div>\n\t\t<div class=\"elementor-element elementor-element-6896a6c e-flex e-con-boxed e-con e-parent\" data-id=\"6896a6c\" data-element_type=\"container\" data-e-type=\"container\" data-settings=\"{&quot;background_background&quot;:&quot;classic&quot;}\">\n\t\t\t\t\t<div class=\"e-con-inner\">\n\t\t<div class=\"elementor-element elementor-element-9f33083 e-flex e-con-boxed e-con e-child\" data-id=\"9f33083\" data-element_type=\"container\" data-e-type=\"container\" data-settings=\"{&quot;background_background&quot;:&quot;classic&quot;}\">\n\t\t\t\t\t<div class=\"e-con-inner\">\n\t\t\t\t<div class=\"elementor-element elementor-element-50e19e4 elementor-widget elementor-widget-text-editor\" data-id=\"50e19e4\" data-element_type=\"widget\" data-e-type=\"widget\" data-widget_type=\"text-editor.default\">\n\t\t\t\t<div class=\"elementor-widget-container\">\n\t\t\t\t\t\t\t\t\tPas une entreprise<span style=\"color: #ff595a\">?<\/span><br\/>\nParrainez plut\u00f4t un ami<span style=\"color: #ff595a\">!<\/span>\t\t\t\t\t\t\t\t<\/div>\n\t\t\t\t<\/div>\n\t\t\t\t<div class=\"elementor-element elementor-element-f98be26 elementor-align-center elementor-tablet-align-center elementor-widget elementor-widget-button\" data-id=\"f98be26\" data-element_type=\"widget\" data-e-type=\"widget\" data-widget_type=\"button.default\">\n\t\t\t\t<div class=\"elementor-widget-container\">\n\t\t\t\t\t\t\t\t\t<div class=\"elementor-button-wrapper\">\n\t\t\t\t\t<a class=\"elementor-button elementor-button-link elementor-size-xl\" href=\"https:\/\/help.gopeer.ca\/hc\/en-ca\/articles\/360056619714-REFERRAL-PROGRAM-TERMS-CONDITIONS\" target=\"_blank\" rel=\"nofollow noopener\">\n\t\t\t\t\t\t<span class=\"elementor-button-content-wrapper\">\n\t\t\t\t\t\t\t\t\t<span class=\"elementor-button-text\">Commencer<\/span>\n\t\t\t\t\t<\/span>\n\t\t\t\t\t<\/a>\n\t\t\t\t<\/div>\n\t\t\t\t\t\t\t\t<\/div>\n\t\t\t\t<\/div>\n\t\t\t\t\t<\/div>\n\t\t\t\t<\/div>\n\t\t\t\t\t<\/div>\n\t\t\t\t<\/div>\n\t\t\t\t<\/div>","protected":false},"excerpt":{"rendered":"<p>Associez-vous \u00e0 goPeer. Connectez-vous avec nous et explorez les partenariats et collaborations potentiels. Rapports flexibles Des outils de reporting personnalisables qui r\u00e9pondent aux besoins de votre entreprise, garantissant que vous disposez de toutes les informations n\u00e9cessaires. Connectez-vous avec le succ\u00e8s Rejoignez les meilleures entreprises d\u00e9j\u00e0 partenaires de goPeer. Int\u00e9grations et arrangements personnalis\u00e9s Notre programme de partenariat offre des capacit\u00e9s \u00e9tendues de support et d&#039;int\u00e9gration \u00e0 [\u2026]<\/p>","protected":false},"author":3,"featured_media":0,"parent":0,"menu_order":0,"comment_status":"closed","ping_status":"closed","template":"elementor_header_footer","meta":{"inline_featured_image":false,"footnotes":""},"class_list":["post-4270","page","type-page","status-publish","hentry"],"_links":{"self":[{"href":"https:\/\/dev.gopeer.ca\/fr_ca\/wp-json\/wp\/v2\/pages\/4270","targetHints":{"allow":["GET"]}}],"collection":[{"href":"https:\/\/dev.gopeer.ca\/fr_ca\/wp-json\/wp\/v2\/pages"}],"about":[{"href":"https:\/\/dev.gopeer.ca\/fr_ca\/wp-json\/wp\/v2\/types\/page"}],"author":[{"embeddable":true,"href":"https:\/\/dev.gopeer.ca\/fr_ca\/wp-json\/wp\/v2\/users\/3"}],"replies":[{"embeddable":true,"href":"https:\/\/dev.gopeer.ca\/fr_ca\/wp-json\/wp\/v2\/comments?post=4270"}],"version-history":[{"count":10,"href":"https:\/\/dev.gopeer.ca\/fr_ca\/wp-json\/wp\/v2\/pages\/4270\/revisions"}],"predecessor-version":[{"id":4851,"href":"https:\/\/dev.gopeer.ca\/fr_ca\/wp-json\/wp\/v2\/pages\/4270\/revisions\/4851"}],"wp:attachment":[{"href":"https:\/\/dev.gopeer.ca\/fr_ca\/wp-json\/wp\/v2\/media?parent=4270"}],"curies":[{"name":"wp","href":"https:\/\/api.w.org\/{rel}","templated":true}]}}