{"id":4800,"date":"2024-10-18T16:28:00","date_gmt":"2024-10-18T20:28:00","guid":{"rendered":"https:\/\/dev.gopeer.ca\/?page_id=4800"},"modified":"2025-03-31T07:56:43","modified_gmt":"2025-03-31T11:56:43","slug":"credit-card-payoff-calculator","status":"publish","type":"page","link":"https:\/\/dev.gopeer.ca\/fr_ca\/credit-card-payoff-calculator\/","title":{"rendered":"Calculateur de remboursement de carte de cr\u00e9dit"},"content":{"rendered":"<div data-elementor-type=\"wp-page\" data-elementor-id=\"4800\" class=\"elementor elementor-4800\" data-elementor-post-type=\"page\">\n\t\t\t\t<div class=\"elementor-element elementor-element-4f15df0 e-flex e-con-boxed e-con e-parent\" data-id=\"4f15df0\" data-element_type=\"container\" data-e-type=\"container\" data-settings=\"{&quot;background_background&quot;:&quot;classic&quot;}\">\n\t\t\t\t\t<div class=\"e-con-inner\">\n\t\t<div class=\"elementor-element elementor-element-aa69d5c e-con-full e-flex e-con e-child\" data-id=\"aa69d5c\" data-element_type=\"container\" data-e-type=\"container\">\n\t\t\t\t<div class=\"elementor-element elementor-element-ca7174a elementor-widget elementor-widget-heading\" data-id=\"ca7174a\" data-element_type=\"widget\" data-e-type=\"widget\" data-widget_type=\"heading.default\">\n\t\t\t\t<div class=\"elementor-widget-container\">\n\t\t\t\t\t<h2 class=\"elementor-heading-title elementor-size-default\">Calculateur de remboursement de carte de cr\u00e9dit\n<span class=\"color-ama\">.<\/span><\/h2>\t\t\t\t<\/div>\n\t\t\t\t<\/div>\n\t\t\t\t<div class=\"elementor-element elementor-element-57a7d01 elementor-widget elementor-widget-text-editor\" data-id=\"57a7d01\" data-element_type=\"widget\" data-e-type=\"widget\" data-widget_type=\"text-editor.default\">\n\t\t\t\t<div class=\"elementor-widget-container\">\n\t\t\t\t\t\t\t\t\t<p>Les dettes li\u00e9es aux cartes de cr\u00e9dit peuvent \u00eatre difficiles \u00e0 comprendre et \u00e0 suivre. Gr\u00e2ce \u00e0 notre calculateur de remboursement de carte de cr\u00e9dit, il est facile de ma\u00eetriser votre dette.<\/p>\t\t\t\t\t\t\t\t<\/div>\n\t\t\t\t<\/div>\n\t\t\t\t<\/div>\n\t\t<div class=\"elementor-element elementor-element-bd3406b e-con-full e-flex e-con e-child\" data-id=\"bd3406b\" data-element_type=\"container\" data-e-type=\"container\">\n\t\t\t\t<div class=\"elementor-element elementor-element-01d8b15 elementor-widget elementor-widget-image\" data-id=\"01d8b15\" data-element_type=\"widget\" data-e-type=\"widget\" data-widget_type=\"image.default\">\n\t\t\t\t<div class=\"elementor-widget-container\">\n\t\t\t\t\t\t\t\t\t\t\t\t\t\t\t<img fetchpriority=\"high\" decoding=\"async\" width=\"1310\" height=\"869\" src=\"https:\/\/dev.gopeer.ca\/wp-content\/uploads\/2024\/10\/calculator.jpg\" class=\"attachment-full size-full wp-image-4811\" alt=\"\" srcset=\"https:\/\/dev.gopeer.ca\/wp-content\/uploads\/2024\/10\/calculator.jpg 1310w, https:\/\/dev.gopeer.ca\/wp-content\/uploads\/2024\/10\/calculator-300x199.jpg 300w, https:\/\/dev.gopeer.ca\/wp-content\/uploads\/2024\/10\/calculator-1024x679.jpg 1024w, https:\/\/dev.gopeer.ca\/wp-content\/uploads\/2024\/10\/calculator-768x509.jpg 768w, https:\/\/dev.gopeer.ca\/wp-content\/uploads\/2024\/10\/calculator-18x12.jpg 18w\" sizes=\"(max-width: 1310px) 100vw, 1310px\" \/>\t\t\t\t\t\t\t\t\t\t\t\t\t\t\t<\/div>\n\t\t\t\t<\/div>\n\t\t\t\t<\/div>\n\t\t\t\t\t<\/div>\n\t\t\t\t<\/div>\n\t\t<div class=\"elementor-element elementor-element-f2adf23 e-flex e-con-boxed e-con e-parent\" data-id=\"f2adf23\" data-element_type=\"container\" data-e-type=\"container\">\n\t\t\t\t\t<div class=\"e-con-inner\">\n\t\t\t\t<div class=\"elementor-element elementor-element-6e584cc elementor-widget elementor-widget-heading\" data-id=\"6e584cc\" data-element_type=\"widget\" data-e-type=\"widget\" data-widget_type=\"heading.default\">\n\t\t\t\t<div class=\"elementor-widget-container\">\n\t\t\t\t\t<h4 class=\"elementor-heading-title elementor-size-default\">Suivez ces \u00e9tapes simples et nous vous aiderons \u00e0 d\u00e9terminer combien de mois il vous faudra pour vous lib\u00e9rer de vos dettes de carte de cr\u00e9dit.<\/h4>\t\t\t\t<\/div>\n\t\t\t\t<\/div>\n\t\t\t\t<div class=\"elementor-element elementor-element-afbdcc0 elementor-widget elementor-widget-text-editor\" data-id=\"afbdcc0\" data-element_type=\"widget\" data-e-type=\"widget\" data-widget_type=\"text-editor.default\">\n\t\t\t\t<div class=\"elementor-widget-container\">\n\t\t\t\t\t\t\t\t\t<ol><li>Saisissez le solde actuel de votre carte de cr\u00e9dit<\/li><li>Saisissez votre cotisation annuelle pour votre carte de cr\u00e9dit<\/li><li>Saisissez votre taux d&#039;int\u00e9r\u00eat annuel (TAEG)<\/li><li>Saisissez vos mensualit\u00e9s souhait\u00e9es pour rembourser la dette<\/li><\/ol>\t\t\t\t\t\t\t\t<\/div>\n\t\t\t\t<\/div>\n\t\t\t\t<div class=\"elementor-element elementor-element-3c605d6 elementor-widget elementor-widget-text-editor\" data-id=\"3c605d6\" data-element_type=\"widget\" data-e-type=\"widget\" data-widget_type=\"text-editor.default\">\n\t\t\t\t<div class=\"elementor-widget-container\">\n\t\t\t\t\t\t\t\t\t<div id='app'><\/div>\t\t\t\t\t\t\t\t<\/div>\n\t\t\t\t<\/div>\n\t\t\t\t<div class=\"elementor-element elementor-element-7e09fd5 elementor-widget elementor-widget-heading\" data-id=\"7e09fd5\" data-element_type=\"widget\" data-e-type=\"widget\" data-widget_type=\"heading.default\">\n\t\t\t\t<div class=\"elementor-widget-container\">\n\t\t\t\t\t<h4 class=\"elementor-heading-title elementor-size-default\">Vous souhaitez rembourser votre dette plus rapidement et \u00e0 moindre co\u00fbt ?<\/h4>\t\t\t\t<\/div>\n\t\t\t\t<\/div>\n\t\t\t\t<div class=\"elementor-element elementor-element-28c3a0e elementor-widget elementor-widget-text-editor\" data-id=\"28c3a0e\" data-element_type=\"widget\" data-e-type=\"widget\" data-widget_type=\"text-editor.default\">\n\t\t\t\t<div class=\"elementor-widget-container\">\n\t\t\t\t\t\t\t\t\t<p>Au lieu de payer des int\u00e9r\u00eats \u00e9lev\u00e9s sur vos cartes de cr\u00e9dit, vous pouvez simplement effectuer un transfert de solde \u00e0 un taux d&#039;emprunt inf\u00e9rieur. goPeer propose une solution de pr\u00eat qui permet aux emprunteurs de devenir financi\u00e8rement libres beaucoup plus rapidement. Notre technologie nous permet de fournir des d\u00e9cisions de demande de pr\u00eat plus rapides et une transparence accrue, ce qui se traduit par une meilleure exp\u00e9rience client que les banques traditionnelles.<\/p>\t\t\t\t\t\t\t\t<\/div>\n\t\t\t\t<\/div>\n\t\t\t\t<div class=\"elementor-element elementor-element-c8f2028 elementor-align-center elementor-widget elementor-widget-button\" data-id=\"c8f2028\" data-element_type=\"widget\" data-e-type=\"widget\" data-widget_type=\"button.default\">\n\t\t\t\t<div class=\"elementor-widget-container\">\n\t\t\t\t\t\t\t\t\t<div class=\"elementor-button-wrapper\">\n\t\t\t\t\t<a class=\"elementor-button elementor-button-link elementor-size-sm\" href=\"https:\/\/my.gopeer.ca\/apply\" rel=\"nofollow noopener\">\n\t\t\t\t\t\t<span class=\"elementor-button-content-wrapper\">\n\t\t\t\t\t\t\t\t\t<span class=\"elementor-button-text\">Commencer!<\/span>\n\t\t\t\t\t<\/span>\n\t\t\t\t\t<\/a>\n\t\t\t\t<\/div>\n\t\t\t\t\t\t\t\t<\/div>\n\t\t\t\t<\/div>\n\t\t\t\t<div class=\"elementor-element elementor-element-3d842c8 elementor-widget elementor-widget-spacer\" data-id=\"3d842c8\" data-element_type=\"widget\" data-e-type=\"widget\" data-widget_type=\"spacer.default\">\n\t\t\t\t<div class=\"elementor-widget-container\">\n\t\t\t\t\t\t\t<div class=\"elementor-spacer\">\n\t\t\t<div class=\"elementor-spacer-inner\"><\/div>\n\t\t<\/div>\n\t\t\t\t\t\t<\/div>\n\t\t\t\t<\/div>\n\t\t\t\t\t<\/div>\n\t\t\t\t<\/div>\n\t\t<div class=\"elementor-element elementor-element-771e4c2 e-flex e-con-boxed e-con e-parent\" data-id=\"771e4c2\" data-element_type=\"container\" data-e-type=\"container\" data-settings=\"{&quot;background_background&quot;:&quot;classic&quot;}\">\n\t\t\t\t\t<div class=\"e-con-inner\">\n\t\t\t\t<div class=\"elementor-element elementor-element-884af9f elementor-widget elementor-widget-heading\" data-id=\"884af9f\" data-element_type=\"widget\" data-e-type=\"widget\" data-widget_type=\"heading.default\">\n\t\t\t\t<div class=\"elementor-widget-container\">\n\t\t\t\t\t<h2 class=\"elementor-heading-title elementor-size-default\">Avoir des questions?<span class=\"color-ama\">.<\/span><\/h2>\t\t\t\t<\/div>\n\t\t\t\t<\/div>\n\t\t\t\t<div class=\"elementor-element elementor-element-c2bd31b elementor-widget elementor-widget-text-editor\" data-id=\"c2bd31b\" data-element_type=\"widget\" data-e-type=\"widget\" data-widget_type=\"text-editor.default\">\n\t\t\t\t<div class=\"elementor-widget-container\">\n\t\t\t\t\t\t\t\t\t<p>Nous disposons d&#039;un centre d&#039;aide d\u00e9taill\u00e9 pour r\u00e9pondre \u00e0 certaines questions fr\u00e9quemment pos\u00e9es.<\/p>\t\t\t\t\t\t\t\t<\/div>\n\t\t\t\t<\/div>\n\t\t\t\t<div class=\"elementor-element elementor-element-f6da3e9 elementor-align-center elementor-widget elementor-widget-button\" data-id=\"f6da3e9\" data-element_type=\"widget\" data-e-type=\"widget\" data-widget_type=\"button.default\">\n\t\t\t\t<div class=\"elementor-widget-container\">\n\t\t\t\t\t\t\t\t\t<div class=\"elementor-button-wrapper\">\n\t\t\t\t\t<a class=\"elementor-button elementor-button-link elementor-size-xl\" href=\"https:\/\/help.gopeer.ca\/hc\/en-ca\/categories\/360003880234-Borrowing\" target=\"_blank\" rel=\"nofollow noopener\">\n\t\t\t\t\t\t<span class=\"elementor-button-content-wrapper\">\n\t\t\t\t\t\t\t\t\t<span class=\"elementor-button-text\">Centre d&#039;aide<\/span>\n\t\t\t\t\t<\/span>\n\t\t\t\t\t<\/a>\n\t\t\t\t<\/div>\n\t\t\t\t\t\t\t\t<\/div>\n\t\t\t\t<\/div>\n\t\t\t\t\t<\/div>\n\t\t\t\t<\/div>\n\t\t\t\t<\/div>","protected":false},"excerpt":{"rendered":"<p>Calculateur de remboursement de carte de cr\u00e9dit. Les dettes de carte de cr\u00e9dit peuvent \u00eatre difficiles \u00e0 comprendre et \u00e0 suivre. Avec notre calculateur de remboursement de carte de cr\u00e9dit, il est facile de ma\u00eetriser votre dette. Suivez ces \u00e9tapes simples et nous vous aiderons \u00e0 d\u00e9terminer combien de mois il vous faudra pour vous lib\u00e9rer de vos dettes de carte de cr\u00e9dit. Saisissez votre [\u2026]<\/p>","protected":false},"author":3,"featured_media":0,"parent":0,"menu_order":0,"comment_status":"closed","ping_status":"closed","template":"elementor_header_footer","meta":{"inline_featured_image":false,"footnotes":""},"class_list":["post-4800","page","type-page","status-publish","hentry"],"_links":{"self":[{"href":"https:\/\/dev.gopeer.ca\/fr_ca\/wp-json\/wp\/v2\/pages\/4800","targetHints":{"allow":["GET"]}}],"collection":[{"href":"https:\/\/dev.gopeer.ca\/fr_ca\/wp-json\/wp\/v2\/pages"}],"about":[{"href":"https:\/\/dev.gopeer.ca\/fr_ca\/wp-json\/wp\/v2\/types\/page"}],"author":[{"embeddable":true,"href":"https:\/\/dev.gopeer.ca\/fr_ca\/wp-json\/wp\/v2\/users\/3"}],"replies":[{"embeddable":true,"href":"https:\/\/dev.gopeer.ca\/fr_ca\/wp-json\/wp\/v2\/comments?post=4800"}],"version-history":[{"count":14,"href":"https:\/\/dev.gopeer.ca\/fr_ca\/wp-json\/wp\/v2\/pages\/4800\/revisions"}],"predecessor-version":[{"id":5506,"href":"https:\/\/dev.gopeer.ca\/fr_ca\/wp-json\/wp\/v2\/pages\/4800\/revisions\/5506"}],"wp:attachment":[{"href":"https:\/\/dev.gopeer.ca\/fr_ca\/wp-json\/wp\/v2\/media?parent=4800"}],"curies":[{"name":"wp","href":"https:\/\/api.w.org\/{rel}","templated":true}]}}