{"id":4890,"date":"2024-10-22T15:34:13","date_gmt":"2024-10-22T19:34:13","guid":{"rendered":"https:\/\/dev.gopeer.ca\/?page_id=4890"},"modified":"2025-07-08T05:36:09","modified_gmt":"2025-07-08T09:36:09","slug":"refer","status":"publish","type":"page","link":"https:\/\/dev.gopeer.ca\/fr_ca\/refer\/","title":{"rendered":"Parrainez un ami et gagnez"},"content":{"rendered":"<div data-elementor-type=\"wp-page\" data-elementor-id=\"4890\" class=\"elementor elementor-4890\" data-elementor-post-type=\"page\">\n\t\t\t\t<div class=\"elementor-element elementor-element-f4e8740 e-flex e-con-boxed e-con e-parent\" data-id=\"f4e8740\" data-element_type=\"container\" data-e-type=\"container\" data-settings=\"{&quot;background_background&quot;:&quot;classic&quot;}\">\n\t\t\t\t\t<div class=\"e-con-inner\">\n\t\t<div class=\"elementor-element elementor-element-3443f37 e-con-full e-flex e-con e-child\" data-id=\"3443f37\" data-element_type=\"container\" data-e-type=\"container\">\n\t\t\t\t<div class=\"elementor-element elementor-element-b81e6cf elementor-widget elementor-widget-heading\" data-id=\"b81e6cf\" data-element_type=\"widget\" data-e-type=\"widget\" data-widget_type=\"heading.default\">\n\t\t\t\t<div class=\"elementor-widget-container\">\n\t\t\t\t\t<h2 class=\"elementor-heading-title elementor-size-default\">Vous avez \u00e9t\u00e9 invit\u00e9 par <span id=\"referrer-name\">un ami<\/span><span>!<\/span><\/h2>\t\t\t\t<\/div>\n\t\t\t\t<\/div>\n\t\t\t\t<div class=\"elementor-element elementor-element-485c695 elementor-widget elementor-widget-html\" data-id=\"485c695\" data-element_type=\"widget\" data-e-type=\"widget\" data-widget_type=\"html.default\">\n\t\t\t\t<div class=\"elementor-widget-container\">\n\t\t\t\t\t<script>\ndocument.addEventListener(\"DOMContentLoaded\", function () {\n    \/\/ Function to get a query parameter value\n    function getQueryParam(param) {\n        const urlParams = new URLSearchParams(window.location.search);\n        return urlParams.get(param);\n    }\n\n    \/\/ Function to get a cookie value\n    function getCookie(name) {\n        const cookies = document.cookie.split(\"; \").reduce((acc, cookie) => {\n            const [key, value] = cookie.split(\"=\");\n            acc[key] = value;\n            return acc;\n        }, {});\n        return cookies[name] || null;\n    }\n\n    \/\/ Determine the referrer value\n    const queryParam = \"referrer\"; \/\/ Query parameter name\n    const defaultValue = \"a friend\"; \/\/ Default fallback value\n    const targetElement = document.getElementById(\"referrer-name\"); \/\/ Target element ID\n\n    if (targetElement) {\n        let referrerValue = getQueryParam(queryParam);\n\n        if (!referrerValue) {\n            \/\/ Check for the referrer in cookies\n            referrerValue = getCookie(queryParam);\n        }\n\n        \/\/ Fallback to default value if referrer is still null\n        targetElement.textContent = referrerValue || defaultValue;\n    }\n});\n<\/script>\t\t\t\t<\/div>\n\t\t\t\t<\/div>\n\t\t\t\t<div class=\"elementor-element elementor-element-ed74e2c elementor-widget elementor-widget-text-editor\" data-id=\"ed74e2c\" data-element_type=\"widget\" data-e-type=\"widget\" data-widget_type=\"text-editor.default\">\n\t\t\t\t<div class=\"elementor-widget-container\">\n\t\t\t\t\t\t\t\t\t<p>Tirer parti du pr\u00eat entre particuliers pour le bien social.<\/p>\t\t\t\t\t\t\t\t<\/div>\n\t\t\t\t<\/div>\n\t\t\t\t<\/div>\n\t\t<div class=\"elementor-element elementor-element-c82fe73 e-con-full e-flex e-con e-child\" data-id=\"c82fe73\" data-element_type=\"container\" data-e-type=\"container\">\n\t\t\t\t<div class=\"elementor-element elementor-element-6d1b0a9 elementor-widget elementor-widget-image\" data-id=\"6d1b0a9\" data-element_type=\"widget\" data-e-type=\"widget\" data-widget_type=\"image.default\">\n\t\t\t\t<div class=\"elementor-widget-container\">\n\t\t\t\t\t\t\t\t\t\t\t\t\t\t\t<img fetchpriority=\"high\" decoding=\"async\" width=\"940\" height=\"788\" src=\"https:\/\/dev.gopeer.ca\/wp-content\/uploads\/2024\/10\/Refer-page.png\" class=\"attachment-full size-full wp-image-4893\" alt=\"\" srcset=\"https:\/\/dev.gopeer.ca\/wp-content\/uploads\/2024\/10\/Refer-page.png 940w, https:\/\/dev.gopeer.ca\/wp-content\/uploads\/2024\/10\/Refer-page-300x251.png 300w, https:\/\/dev.gopeer.ca\/wp-content\/uploads\/2024\/10\/Refer-page-768x644.png 768w, https:\/\/dev.gopeer.ca\/wp-content\/uploads\/2024\/10\/Refer-page-14x12.png 14w\" sizes=\"(max-width: 940px) 100vw, 940px\" \/>\t\t\t\t\t\t\t\t\t\t\t\t\t\t\t<\/div>\n\t\t\t\t<\/div>\n\t\t\t\t<\/div>\n\t\t\t\t\t<\/div>\n\t\t\t\t<\/div>\n\t\t<div class=\"elementor-element elementor-element-c3fa0ac e-flex e-con-boxed e-con e-parent\" data-id=\"c3fa0ac\" data-element_type=\"container\" data-e-type=\"container\" data-settings=\"{&quot;background_background&quot;:&quot;classic&quot;}\">\n\t\t\t\t\t<div class=\"e-con-inner\">\n\t\t<div class=\"elementor-element elementor-element-6914965 e-con-full e-flex e-con e-child\" data-id=\"6914965\" data-element_type=\"container\" data-e-type=\"container\" data-settings=\"{&quot;background_background&quot;:&quot;classic&quot;}\">\n\t\t\t\t<div class=\"elementor-element elementor-element-2708425 elementor-widget elementor-widget-heading\" data-id=\"2708425\" data-element_type=\"widget\" data-e-type=\"widget\" data-widget_type=\"heading.default\">\n\t\t\t\t<div class=\"elementor-widget-container\">\n\t\t\t\t\t<h3 class=\"elementor-heading-title elementor-size-default\">*CHOISISSEZ D&#039;INVESTIR OU D&#039;EMPRUNTER, ET VOUS ET VOTRE AMI RECEVREZ UN<\/h3>\t\t\t\t<\/div>\n\t\t\t\t<\/div>\n\t\t\t\t<\/div>\n\t\t<div class=\"elementor-element elementor-element-103e01c e-con-full e-flex e-con e-child\" data-id=\"103e01c\" data-element_type=\"container\" data-e-type=\"container\" data-settings=\"{&quot;background_background&quot;:&quot;classic&quot;}\">\n\t\t\t\t<div class=\"elementor-element elementor-element-a78e40c elementor-widget elementor-widget-heading\" data-id=\"a78e40c\" data-element_type=\"widget\" data-e-type=\"widget\" data-widget_type=\"heading.default\">\n\t\t\t\t<div class=\"elementor-widget-container\">\n\t\t\t\t\t<h2 class=\"elementor-heading-title elementor-size-default\">$30 r\u00e9compense<span>!<\/span><\/h2>\t\t\t\t<\/div>\n\t\t\t\t<\/div>\n\t\t\t\t<\/div>\n\t\t\t\t\t<\/div>\n\t\t\t\t<\/div>\n\t\t<div class=\"elementor-element elementor-element-d6de9ea e-flex e-con-boxed e-con e-parent\" data-id=\"d6de9ea\" data-element_type=\"container\" data-e-type=\"container\" data-settings=\"{&quot;background_background&quot;:&quot;classic&quot;}\">\n\t\t\t\t\t<div class=\"e-con-inner\">\n\t\t<div class=\"elementor-element elementor-element-c8a742c e-con-full e-flex e-con e-child\" data-id=\"c8a742c\" data-element_type=\"container\" data-e-type=\"container\">\n\t\t\t\t<div class=\"elementor-element elementor-element-95aea40 elementor-mobile-align-justify elementor-widget elementor-widget-button\" data-id=\"95aea40\" data-element_type=\"widget\" data-e-type=\"widget\" data-widget_type=\"button.default\">\n\t\t\t\t<div class=\"elementor-widget-container\">\n\t\t\t\t\t\t\t\t\t<div class=\"elementor-button-wrapper\">\n\t\t\t\t\t<a class=\"elementor-button elementor-button-link elementor-size-sm\" href=\"https:\/\/my.gopeer.ca\/auth\/register\" rel=\"nofollow noopener\">\n\t\t\t\t\t\t<span class=\"elementor-button-content-wrapper\">\n\t\t\t\t\t\t\t\t\t<span class=\"elementor-button-text\">Commencez \u00e0 investir<\/span>\n\t\t\t\t\t<\/span>\n\t\t\t\t\t<\/a>\n\t\t\t\t<\/div>\n\t\t\t\t\t\t\t\t<\/div>\n\t\t\t\t<\/div>\n\t\t\t\t<div class=\"elementor-element elementor-element-8d165ba elementor-mobile-align-justify elementor-widget elementor-widget-button\" data-id=\"8d165ba\" data-element_type=\"widget\" data-e-type=\"widget\" data-widget_type=\"button.default\">\n\t\t\t\t<div class=\"elementor-widget-container\">\n\t\t\t\t\t\t\t\t\t<div class=\"elementor-button-wrapper\">\n\t\t\t\t\t<a class=\"elementor-button elementor-button-link elementor-size-sm\" href=\"https:\/\/my.gopeer.ca\/apply\" rel=\"nofollow noopener\">\n\t\t\t\t\t\t<span class=\"elementor-button-content-wrapper\">\n\t\t\t\t\t\t\t\t\t<span class=\"elementor-button-text\">Demander un pr\u00eat<\/span>\n\t\t\t\t\t<\/span>\n\t\t\t\t\t<\/a>\n\t\t\t\t<\/div>\n\t\t\t\t\t\t\t\t<\/div>\n\t\t\t\t<\/div>\n\t\t\t\t<\/div>\n\t\t\t\t\t<\/div>\n\t\t\t\t<\/div>\n\t\t<div class=\"elementor-element elementor-element-1e25bd5 e-flex e-con-boxed e-con e-parent\" data-id=\"1e25bd5\" data-element_type=\"container\" data-e-type=\"container\" data-settings=\"{&quot;background_background&quot;:&quot;classic&quot;}\">\n\t\t\t\t\t<div class=\"e-con-inner\">\n\t\t\t\t<div class=\"elementor-element elementor-element-2113c16 elementor-widget elementor-widget-text-editor\" data-id=\"2113c16\" data-element_type=\"widget\" data-e-type=\"widget\" data-widget_type=\"text-editor.default\">\n\t\t\t\t<div class=\"elementor-widget-container\">\n\t\t\t\t\t\t\t\t\t<h3 class=\"elementor-heading-title elementor-size-default elementor-inline-editing pen\" data-elementor-setting-key=\"title\" data-pen-placeholder=\"Type Here...\" style=\"font-family: Poppins, sans-serif; line-height: 36px; font-size: 15px; font-style: italic; text-align: center; background-color: rgb(232, 246, 249);\">*Des conditions g\u00e9n\u00e9rales s&#039;appliquent.<\/h3>\t\t\t\t\t\t\t\t<\/div>\n\t\t\t\t<\/div>\n\t\t\t\t\t<\/div>\n\t\t\t\t<\/div>\n\t\t<div class=\"elementor-element elementor-element-fdf5e41 e-flex e-con-boxed e-con e-parent\" data-id=\"fdf5e41\" data-element_type=\"container\" data-e-type=\"container\" data-settings=\"{&quot;background_background&quot;:&quot;classic&quot;}\">\n\t\t\t\t\t<div class=\"e-con-inner\">\n\t\t<div class=\"elementor-element elementor-element-f780546 e-con-full e-flex e-con e-child\" data-id=\"f780546\" data-element_type=\"container\" data-e-type=\"container\" data-settings=\"{&quot;background_background&quot;:&quot;classic&quot;}\">\n\t\t<div class=\"elementor-element elementor-element-4c99230 e-flex e-con-boxed e-con e-child\" data-id=\"4c99230\" data-element_type=\"container\" data-e-type=\"container\" data-settings=\"{&quot;background_background&quot;:&quot;classic&quot;}\">\n\t\t\t\t\t<div class=\"e-con-inner\">\n\t\t<div class=\"elementor-element elementor-element-553973d e-con-full e-flex e-con e-child\" data-id=\"553973d\" data-element_type=\"container\" data-e-type=\"container\">\n\t\t\t\t<div class=\"elementor-element elementor-element-badd8f4 elementor-widget elementor-widget-text-editor\" data-id=\"badd8f4\" data-element_type=\"widget\" data-e-type=\"widget\" data-widget_type=\"text-editor.default\">\n\t\t\t\t<div class=\"elementor-widget-container\">\n\t\t\t\t\t\t\t\t\t<p>Invitez des amis et gagnez des r\u00e9compenses.<\/p>\t\t\t\t\t\t\t\t<\/div>\n\t\t\t\t<\/div>\n\t\t\t\t<div class=\"elementor-element elementor-element-48b5e14 elementor-widget elementor-widget-text-editor\" data-id=\"48b5e14\" data-element_type=\"widget\" data-e-type=\"widget\" data-widget_type=\"text-editor.default\">\n\t\t\t\t<div class=\"elementor-widget-container\">\n\t\t\t\t\t\t\t\t\t<p>Partagez les b\u00e9n\u00e9fices !<\/p>\t\t\t\t\t\t\t\t<\/div>\n\t\t\t\t<\/div>\n\t\t\t\t<\/div>\n\t\t\t\t<div class=\"elementor-element elementor-element-138e59c elementor-align-right elementor-widget elementor-widget-button\" data-id=\"138e59c\" data-element_type=\"widget\" data-e-type=\"widget\" data-widget_type=\"button.default\">\n\t\t\t\t<div class=\"elementor-widget-container\">\n\t\t\t\t\t\t\t\t\t<div class=\"elementor-button-wrapper\">\n\t\t\t\t\t<a class=\"elementor-button elementor-button-link elementor-size-xl\" href=\"https:\/\/help.gopeer.ca\/hc\/en-ca\/articles\/360056619714-Referral-Program-Terms-Conditions\" rel=\"nofollow noopener\">\n\t\t\t\t\t\t<span class=\"elementor-button-content-wrapper\">\n\t\t\t\t\t\t\t\t\t<span class=\"elementor-button-text\">Voir les conditions g\u00e9n\u00e9rales<\/span>\n\t\t\t\t\t<\/span>\n\t\t\t\t\t<\/a>\n\t\t\t\t<\/div>\n\t\t\t\t\t\t\t\t<\/div>\n\t\t\t\t<\/div>\n\t\t\t\t\t<\/div>\n\t\t\t\t<\/div>\n\t\t\t\t<\/div>\n\t\t\t\t\t<\/div>\n\t\t\t\t<\/div>\n\t\t\t\t<\/div>","protected":false},"excerpt":{"rendered":"<p>Un ami vous a invit\u00e9\u00a0! Le pr\u00eat entre particuliers est un atout pour la soci\u00e9t\u00e9. *Choisissez d&#039;investir ou d&#039;emprunter, et vous et votre ami recevrez une r\u00e9compense de $30\u00a0! Commencez \u00e0 investir\u00a0! Demandez un pr\u00eat. *Conditions g\u00e9n\u00e9rales applicables. Invitez vos amis et gagnez des r\u00e9compenses. Partagez les avantages\u00a0! Voir les conditions g\u00e9n\u00e9rales.<\/p>","protected":false},"author":3,"featured_media":0,"parent":0,"menu_order":0,"comment_status":"closed","ping_status":"closed","template":"elementor_header_footer","meta":{"inline_featured_image":false,"footnotes":""},"class_list":["post-4890","page","type-page","status-publish","hentry"],"_links":{"self":[{"href":"https:\/\/dev.gopeer.ca\/fr_ca\/wp-json\/wp\/v2\/pages\/4890","targetHints":{"allow":["GET"]}}],"collection":[{"href":"https:\/\/dev.gopeer.ca\/fr_ca\/wp-json\/wp\/v2\/pages"}],"about":[{"href":"https:\/\/dev.gopeer.ca\/fr_ca\/wp-json\/wp\/v2\/types\/page"}],"author":[{"embeddable":true,"href":"https:\/\/dev.gopeer.ca\/fr_ca\/wp-json\/wp\/v2\/users\/3"}],"replies":[{"embeddable":true,"href":"https:\/\/dev.gopeer.ca\/fr_ca\/wp-json\/wp\/v2\/comments?post=4890"}],"version-history":[{"count":20,"href":"https:\/\/dev.gopeer.ca\/fr_ca\/wp-json\/wp\/v2\/pages\/4890\/revisions"}],"predecessor-version":[{"id":5753,"href":"https:\/\/dev.gopeer.ca\/fr_ca\/wp-json\/wp\/v2\/pages\/4890\/revisions\/5753"}],"wp:attachment":[{"href":"https:\/\/dev.gopeer.ca\/fr_ca\/wp-json\/wp\/v2\/media?parent=4890"}],"curies":[{"name":"wp","href":"https:\/\/api.w.org\/{rel}","templated":true}]}}