{"id":726,"date":"2023-08-28T16:33:15","date_gmt":"2023-08-28T20:33:15","guid":{"rendered":"http:\/\/dev.gopeer.ca\/?page_id=726"},"modified":"2026-03-20T15:20:50","modified_gmt":"2026-03-20T19:20:50","slug":"borrower-fees","status":"publish","type":"page","link":"https:\/\/dev.gopeer.ca\/fr_ca\/borrower-fees\/","title":{"rendered":"Frais d&#039;emprunt"},"content":{"rendered":"<div data-elementor-type=\"wp-page\" data-elementor-id=\"726\" class=\"elementor elementor-726\" data-elementor-post-type=\"page\">\n\t\t\t\t<div class=\"elementor-element elementor-element-4f15df0 e-flex e-con-boxed e-con e-parent\" data-id=\"4f15df0\" data-element_type=\"container\" data-e-type=\"container\" data-settings=\"{&quot;background_background&quot;:&quot;classic&quot;}\">\n\t\t\t\t\t<div class=\"e-con-inner\">\n\t\t<div class=\"elementor-element elementor-element-aa69d5c e-con-full e-flex e-con e-child\" data-id=\"aa69d5c\" data-element_type=\"container\" data-e-type=\"container\">\n\t\t\t\t<div class=\"elementor-element elementor-element-ca7174a elementor-widget elementor-widget-heading\" data-id=\"ca7174a\" data-element_type=\"widget\" data-e-type=\"widget\" data-widget_type=\"heading.default\">\n\t\t\t\t<div class=\"elementor-widget-container\">\n\t\t\t\t\t<h2 class=\"elementor-heading-title elementor-size-default\">Frais d&#039;emprunteur<span class=\"color-ama\">.<\/span><\/h2>\t\t\t\t<\/div>\n\t\t\t\t<\/div>\n\t\t\t\t<div class=\"elementor-element elementor-element-57a7d01 elementor-widget elementor-widget-text-editor\" data-id=\"57a7d01\" data-element_type=\"widget\" data-e-type=\"widget\" data-widget_type=\"text-editor.default\">\n\t\t\t\t<div class=\"elementor-widget-container\">\n\t\t\t\t\t\t\t\t\t<p>goPeer s&#039;engage \u00e0 une transparence totale concernant les frais factur\u00e9s aux emprunteurs.<\/p>\t\t\t\t\t\t\t\t<\/div>\n\t\t\t\t<\/div>\n\t\t\t\t<\/div>\n\t\t<div class=\"elementor-element elementor-element-bd3406b e-con-full e-flex e-con e-child\" data-id=\"bd3406b\" data-element_type=\"container\" data-e-type=\"container\">\n\t\t\t\t<div class=\"elementor-element elementor-element-01d8b15 elementor-widget elementor-widget-image\" data-id=\"01d8b15\" data-element_type=\"widget\" data-e-type=\"widget\" data-widget_type=\"image.default\">\n\t\t\t\t<div class=\"elementor-widget-container\">\n\t\t\t\t\t\t\t\t\t\t\t\t\t\t\t<img fetchpriority=\"high\" decoding=\"async\" width=\"735\" height=\"645\" src=\"https:\/\/dev.gopeer.ca\/wp-content\/uploads\/2023\/08\/Group-7179.png\" class=\"attachment-full size-full wp-image-735\" alt=\"\" srcset=\"https:\/\/dev.gopeer.ca\/wp-content\/uploads\/2023\/08\/Group-7179.png 735w, https:\/\/dev.gopeer.ca\/wp-content\/uploads\/2023\/08\/Group-7179-300x263.png 300w, https:\/\/dev.gopeer.ca\/wp-content\/uploads\/2023\/08\/Group-7179-14x12.png 14w\" sizes=\"(max-width: 735px) 100vw, 735px\" \/>\t\t\t\t\t\t\t\t\t\t\t\t\t\t\t<\/div>\n\t\t\t\t<\/div>\n\t\t\t\t<\/div>\n\t\t\t\t\t<\/div>\n\t\t\t\t<\/div>\n\t\t<div class=\"elementor-element elementor-element-5fb8646 e-flex e-con-boxed e-con e-parent\" data-id=\"5fb8646\" data-element_type=\"container\" data-e-type=\"container\" data-settings=\"{&quot;background_background&quot;:&quot;classic&quot;}\">\n\t\t\t\t\t<div class=\"e-con-inner\">\n\t\t<div class=\"elementor-element elementor-element-6e9a583 e-con-full e-flex e-con e-child\" data-id=\"6e9a583\" data-element_type=\"container\" data-e-type=\"container\">\n\t\t\t\t<div class=\"elementor-element elementor-element-c20482c elementor-widget elementor-widget-image\" data-id=\"c20482c\" data-element_type=\"widget\" data-e-type=\"widget\" data-widget_type=\"image.default\">\n\t\t\t\t<div class=\"elementor-widget-container\">\n\t\t\t\t\t\t\t\t\t\t\t\t\t\t\t<img decoding=\"async\" width=\"609\" height=\"647\" src=\"https:\/\/dev.gopeer.ca\/wp-content\/uploads\/2023\/08\/Group-7180.png\" class=\"attachment-large size-large wp-image-763\" alt=\"\" srcset=\"https:\/\/dev.gopeer.ca\/wp-content\/uploads\/2023\/08\/Group-7180.png 609w, https:\/\/dev.gopeer.ca\/wp-content\/uploads\/2023\/08\/Group-7180-282x300.png 282w, https:\/\/dev.gopeer.ca\/wp-content\/uploads\/2023\/08\/Group-7180-11x12.png 11w\" sizes=\"(max-width: 609px) 100vw, 609px\" \/>\t\t\t\t\t\t\t\t\t\t\t\t\t\t\t<\/div>\n\t\t\t\t<\/div>\n\t\t\t\t<\/div>\n\t\t<div class=\"elementor-element elementor-element-a1820d2 e-con-full e-flex e-con e-child\" data-id=\"a1820d2\" data-element_type=\"container\" data-e-type=\"container\">\n\t\t\t\t<div class=\"elementor-element elementor-element-ee1df16 elementor-widget elementor-widget-heading\" data-id=\"ee1df16\" data-element_type=\"widget\" data-e-type=\"widget\" data-widget_type=\"heading.default\">\n\t\t\t\t<div class=\"elementor-widget-container\">\n\t\t\t\t\t<h2 class=\"elementor-heading-title elementor-size-default\">Frais factur\u00e9s aux emprunteurs<span class=\"color-ama\">.<\/span><\/h2>\t\t\t\t<\/div>\n\t\t\t\t<\/div>\n\t\t\t\t<div class=\"elementor-element elementor-element-bec7516 elementor-widget elementor-widget-text-editor\" data-id=\"bec7516\" data-element_type=\"widget\" data-e-type=\"widget\" data-widget_type=\"text-editor.default\">\n\t\t\t\t<div class=\"elementor-widget-container\">\n\t\t\t\t\t\t\t\t\t<p>Tous nos pr\u00eats sont assortis d\u2019un taux fixe et abordable, garantissant ainsi la coh\u00e9rence de vos mensualit\u00e9s.<\/p><p>Avec la possibilit\u00e9 de payer par anticipation \u00e0 tout moment, vous pouvez \u00e9viter de futurs paiements d\u2019int\u00e9r\u00eats sans devoir payer de p\u00e9nalit\u00e9s ou de frais.<\/p>\t\t\t\t\t\t\t\t<\/div>\n\t\t\t\t<\/div>\n\t\t\t\t<div class=\"elementor-element elementor-element-b5e9e12 elementor-widget elementor-widget-button\" data-id=\"b5e9e12\" data-element_type=\"widget\" data-e-type=\"widget\" data-widget_type=\"button.default\">\n\t\t\t\t<div class=\"elementor-widget-container\">\n\t\t\t\t\t\t\t\t\t<div class=\"elementor-button-wrapper\">\n\t\t\t\t\t<a class=\"elementor-button elementor-button-link elementor-size-sm\" href=\"https:\/\/my.gopeer.ca\/apply\" rel=\"nofollow noopener\">\n\t\t\t\t\t\t<span class=\"elementor-button-content-wrapper\">\n\t\t\t\t\t\t\t\t\t<span class=\"elementor-button-text\">Appliquer maintenant<\/span>\n\t\t\t\t\t<\/span>\n\t\t\t\t\t<\/a>\n\t\t\t\t<\/div>\n\t\t\t\t\t\t\t\t<\/div>\n\t\t\t\t<\/div>\n\t\t\t\t<\/div>\n\t\t\t\t\t<\/div>\n\t\t\t\t<\/div>\n\t\t<div class=\"elementor-element elementor-element-09e6815 e-flex e-con-boxed e-con e-parent\" data-id=\"09e6815\" data-element_type=\"container\" data-e-type=\"container\" data-settings=\"{&quot;background_background&quot;:&quot;classic&quot;}\">\n\t\t\t\t\t<div class=\"e-con-inner\">\n\t\t<div class=\"elementor-element elementor-element-7903646 e-con-full e-flex e-con e-child\" data-id=\"7903646\" data-element_type=\"container\" data-e-type=\"container\">\n\t\t\t\t<div class=\"elementor-element elementor-element-0d22aef elementor-widget elementor-widget-heading\" data-id=\"0d22aef\" data-element_type=\"widget\" data-e-type=\"widget\" data-widget_type=\"heading.default\">\n\t\t\t\t<div class=\"elementor-widget-container\">\n\t\t\t\t\t<h2 class=\"elementor-heading-title elementor-size-default\">Comparer les pr\u00eats<span class=\"color-ama\">.<\/span><\/h2>\t\t\t\t<\/div>\n\t\t\t\t<\/div>\n\t\t\t\t<div class=\"elementor-element elementor-element-2466ae8 elementor-widget elementor-widget-text-editor\" data-id=\"2466ae8\" data-element_type=\"widget\" data-e-type=\"widget\" data-widget_type=\"text-editor.default\">\n\t\t\t\t<div class=\"elementor-widget-container\">\n\t\t\t\t\t\t\t\t\t<p>Comparez les pr\u00eats et les cartes de cr\u00e9dit sur une base pomme par pomme avec le TAEG transparent de goPeer. Notre TAEG comprend \u00e0 la fois le taux d\u2019int\u00e9r\u00eat et les frais de montage, et il n\u2019y a pas de frais cach\u00e9s ni de paiements initiaux.<\/p>\n<p>Postulez d\u00e8s maintenant pour consulter votre offre de pr\u00eat personnalis\u00e9e et faites le premier pas vers la libert\u00e9 financi\u00e8re.<\/p>\t\t\t\t\t\t\t\t<\/div>\n\t\t\t\t<\/div>\n\t\t\t\t<div class=\"elementor-element elementor-element-bf43b12 elementor-widget elementor-widget-button\" data-id=\"bf43b12\" data-element_type=\"widget\" data-e-type=\"widget\" data-widget_type=\"button.default\">\n\t\t\t\t<div class=\"elementor-widget-container\">\n\t\t\t\t\t\t\t\t\t<div class=\"elementor-button-wrapper\">\n\t\t\t\t\t<a class=\"elementor-button elementor-button-link elementor-size-sm\" href=\"https:\/\/my.gopeer.ca\/apply\" rel=\"nofollow noopener\">\n\t\t\t\t\t\t<span class=\"elementor-button-content-wrapper\">\n\t\t\t\t\t\t\t\t\t<span class=\"elementor-button-text\">Appliquer maintenant<\/span>\n\t\t\t\t\t<\/span>\n\t\t\t\t\t<\/a>\n\t\t\t\t<\/div>\n\t\t\t\t\t\t\t\t<\/div>\n\t\t\t\t<\/div>\n\t\t\t\t<\/div>\n\t\t<div class=\"elementor-element elementor-element-69bdcc1 e-con-full e-flex e-con e-child\" data-id=\"69bdcc1\" data-element_type=\"container\" data-e-type=\"container\">\n\t\t\t\t<div class=\"elementor-element elementor-element-1a3ea0d elementor-widget elementor-widget-image\" data-id=\"1a3ea0d\" data-element_type=\"widget\" data-e-type=\"widget\" data-widget_type=\"image.default\">\n\t\t\t\t<div class=\"elementor-widget-container\">\n\t\t\t\t\t\t\t\t\t\t\t\t\t\t\t<img decoding=\"async\" width=\"609\" height=\"647\" src=\"https:\/\/dev.gopeer.ca\/wp-content\/uploads\/2023\/08\/Group-7181.png\" class=\"attachment-large size-large wp-image-788\" alt=\"\" srcset=\"https:\/\/dev.gopeer.ca\/wp-content\/uploads\/2023\/08\/Group-7181.png 609w, https:\/\/dev.gopeer.ca\/wp-content\/uploads\/2023\/08\/Group-7181-282x300.png 282w, https:\/\/dev.gopeer.ca\/wp-content\/uploads\/2023\/08\/Group-7181-11x12.png 11w\" sizes=\"(max-width: 609px) 100vw, 609px\" \/>\t\t\t\t\t\t\t\t\t\t\t\t\t\t\t<\/div>\n\t\t\t\t<\/div>\n\t\t\t\t<\/div>\n\t\t\t\t\t<\/div>\n\t\t\t\t<\/div>\n\t\t<div class=\"elementor-element elementor-element-515e4cc e-flex e-con-boxed e-con e-parent\" data-id=\"515e4cc\" data-element_type=\"container\" data-e-type=\"container\" data-settings=\"{&quot;background_background&quot;:&quot;classic&quot;}\">\n\t\t\t\t\t<div class=\"e-con-inner\">\n\t\t\t\t<div class=\"elementor-element elementor-element-345b65a elementor-widget elementor-widget-image\" data-id=\"345b65a\" data-element_type=\"widget\" data-e-type=\"widget\" data-widget_type=\"image.default\">\n\t\t\t\t<div class=\"elementor-widget-container\">\n\t\t\t\t\t\t\t\t\t\t\t\t\t\t\t<img loading=\"lazy\" decoding=\"async\" width=\"308\" height=\"135\" src=\"https:\/\/dev.gopeer.ca\/wp-content\/uploads\/2023\/11\/no-prepayment-fees-img.png\" class=\"attachment-large size-large wp-image-3820\" alt=\"\" srcset=\"https:\/\/dev.gopeer.ca\/wp-content\/uploads\/2023\/11\/no-prepayment-fees-img.png 308w, https:\/\/dev.gopeer.ca\/wp-content\/uploads\/2023\/11\/no-prepayment-fees-img-300x131.png 300w, https:\/\/dev.gopeer.ca\/wp-content\/uploads\/2023\/11\/no-prepayment-fees-img-18x8.png 18w\" sizes=\"(max-width: 308px) 100vw, 308px\" \/>\t\t\t\t\t\t\t\t\t\t\t\t\t\t\t<\/div>\n\t\t\t\t<\/div>\n\t\t\t\t<div class=\"elementor-element elementor-element-f22ae65 elementor-widget elementor-widget-heading\" data-id=\"f22ae65\" data-element_type=\"widget\" data-e-type=\"widget\" data-widget_type=\"heading.default\">\n\t\t\t\t<div class=\"elementor-widget-container\">\n\t\t\t\t\t<h2 class=\"elementor-heading-title elementor-size-default\">Pas de frais de pr\u00e9paiement<\/h2>\t\t\t\t<\/div>\n\t\t\t\t<\/div>\n\t\t\t\t<div class=\"elementor-element elementor-element-44a9144 elementor-widget elementor-widget-text-editor\" data-id=\"44a9144\" data-element_type=\"widget\" data-e-type=\"widget\" data-widget_type=\"text-editor.default\">\n\t\t\t\t<div class=\"elementor-widget-container\">\n\t\t\t\t\t\t\t\t\t<p>Vous pouvez choisir d\u2019effectuer des versements suppl\u00e9mentaires ou de rembourser int\u00e9gralement votre pr\u00eat \u00e0 tout moment, sans remboursement anticip\u00e9 ni frais suppl\u00e9mentaires.<\/p>\t\t\t\t\t\t\t\t<\/div>\n\t\t\t\t<\/div>\n\t\t\t\t\t<\/div>\n\t\t\t\t<\/div>\n\t\t<div class=\"elementor-element elementor-element-1dfbbf0 e-flex e-con-boxed e-con e-parent\" data-id=\"1dfbbf0\" data-element_type=\"container\" data-e-type=\"container\" data-settings=\"{&quot;background_background&quot;:&quot;classic&quot;}\">\n\t\t\t\t\t<div class=\"e-con-inner\">\n\t\t<div class=\"elementor-element elementor-element-7a000da e-con-full e-flex e-con e-child\" data-id=\"7a000da\" data-element_type=\"container\" data-e-type=\"container\" data-settings=\"{&quot;background_background&quot;:&quot;classic&quot;}\">\n\t\t\t\t<div class=\"elementor-element elementor-element-a4c71a1 elementor-widget elementor-widget-image\" data-id=\"a4c71a1\" data-element_type=\"widget\" data-e-type=\"widget\" data-widget_type=\"image.default\">\n\t\t\t\t<div class=\"elementor-widget-container\">\n\t\t\t\t\t\t\t\t\t\t\t\t\t\t\t<img loading=\"lazy\" decoding=\"async\" width=\"130\" height=\"130\" src=\"https:\/\/dev.gopeer.ca\/wp-content\/uploads\/2023\/08\/Group-7110.png\" class=\"attachment-full size-full wp-image-235\" alt=\"\" srcset=\"https:\/\/dev.gopeer.ca\/wp-content\/uploads\/2023\/08\/Group-7110.png 130w, https:\/\/dev.gopeer.ca\/wp-content\/uploads\/2023\/08\/Group-7110-12x12.png 12w\" sizes=\"(max-width: 130px) 100vw, 130px\" \/>\t\t\t\t\t\t\t\t\t\t\t\t\t\t\t<\/div>\n\t\t\t\t<\/div>\n\t\t\t\t<div class=\"elementor-element elementor-element-b9e5f88 elementor-widget elementor-widget-heading\" data-id=\"b9e5f88\" data-element_type=\"widget\" data-e-type=\"widget\" data-widget_type=\"heading.default\">\n\t\t\t\t<div class=\"elementor-widget-container\">\n\t\t\t\t\t<h2 class=\"elementor-heading-title elementor-size-default\">Frais de paiement infructueux<\/h2>\t\t\t\t<\/div>\n\t\t\t\t<\/div>\n\t\t\t\t<div class=\"elementor-element elementor-element-c728790 elementor-widget elementor-widget-text-editor\" data-id=\"c728790\" data-element_type=\"widget\" data-e-type=\"widget\" data-widget_type=\"text-editor.default\">\n\t\t\t\t<div class=\"elementor-widget-container\">\n\t\t\t\t\t\t\t\t\t<p>goPeer envoie un rappel chaque mois avant la date d&#039;\u00e9ch\u00e9ance du paiement. Il n&#039;est pas n\u00e9cessaire d&#039;envoyer un ch\u00e8que papier, car nous nous connectons directement \u00e0 votre compte bancaire pour traiter automatiquement votre paiement.<\/p><p><br \/>Si un paiement automatique est rejet\u00e9 par votre banque, des frais de paiement infructueux de $50 sont factur\u00e9s pour couvrir le co\u00fbt encouru par goPeer pour la transaction. Cela peut se produire s&#039;il n&#039;y a pas assez d&#039;argent sur votre compte bancaire pour couvrir le remboursement de votre pr\u00eat, si votre compte bancaire a \u00e9t\u00e9 ferm\u00e9 ou si le compte est suspendu ou inaccessible.<\/p><p><br \/>Nous pouvons tenter de traiter votre paiement automatique jusqu&#039;\u00e0 deux fois suppl\u00e9mentaires et chaque tentative retourn\u00e9e impay\u00e9e est soumise \u00e0 des frais de paiement infructueux.<\/p>\t\t\t\t\t\t\t\t<\/div>\n\t\t\t\t<\/div>\n\t\t\t\t<div class=\"elementor-element elementor-element-0dbff93 elementor-widget elementor-widget-button\" data-id=\"0dbff93\" data-element_type=\"widget\" data-e-type=\"widget\" data-widget_type=\"button.default\">\n\t\t\t\t<div class=\"elementor-widget-container\">\n\t\t\t\t\t\t\t\t\t<div class=\"elementor-button-wrapper\">\n\t\t\t\t\t<a class=\"elementor-button elementor-button-link elementor-size-sm\" href=\"https:\/\/help.gopeer.ca\/hc\/en-ca\/categories\/360003880234-Borrowing\" target=\"_blank\" rel=\"nofollow noopener\">\n\t\t\t\t\t\t<span class=\"elementor-button-content-wrapper\">\n\t\t\t\t\t\t\t\t\t<span class=\"elementor-button-text\">Centre d&#039;aide<\/span>\n\t\t\t\t\t<\/span>\n\t\t\t\t\t<\/a>\n\t\t\t\t<\/div>\n\t\t\t\t\t\t\t\t<\/div>\n\t\t\t\t<\/div>\n\t\t\t\t<\/div>\n\t\t<div class=\"elementor-element elementor-element-0cad1ed e-con-full e-flex e-con e-child\" data-id=\"0cad1ed\" data-element_type=\"container\" data-e-type=\"container\">\n\t\t<div class=\"elementor-element elementor-element-634c2c2 e-flex e-con-boxed e-con e-child\" data-id=\"634c2c2\" data-element_type=\"container\" data-e-type=\"container\" data-settings=\"{&quot;background_background&quot;:&quot;classic&quot;}\">\n\t\t\t\t\t<div class=\"e-con-inner\">\n\t\t\t\t<div class=\"elementor-element elementor-element-1733385 elementor-widget elementor-widget-heading\" data-id=\"1733385\" data-element_type=\"widget\" data-e-type=\"widget\" data-widget_type=\"heading.default\">\n\t\t\t\t<div class=\"elementor-widget-container\">\n\t\t\t\t\t<h2 class=\"elementor-heading-title elementor-size-default\">Frais d&#039;ouverture de dossier uniques<\/h2>\t\t\t\t<\/div>\n\t\t\t\t<\/div>\n\t\t\t\t<div class=\"elementor-element elementor-element-74c2e1f elementor-widget elementor-widget-text-editor\" data-id=\"74c2e1f\" data-element_type=\"widget\" data-e-type=\"widget\" data-widget_type=\"text-editor.default\">\n\t\t\t\t<div class=\"elementor-widget-container\">\n\t\t\t\t\t\t\t\t\t<p>Chez goPeer, nous facturons des frais d&#039;ouverture de dossier uniques, qui sont d\u00e9duits du produit de votre pr\u00eat.<strong>il n&#039;y a rien \u00e0 payer \u00e0 l&#039;avance.<\/strong><\/p><p>Lorsque vous demandez un pr\u00eat, tous les frais sont affich\u00e9s et seront inclus dans votre TAEG, garantissant une transparence totale avec <strong>pas de frais cach\u00e9s<\/strong>.<\/p>\t\t\t\t\t\t\t\t<\/div>\n\t\t\t\t<\/div>\n\t\t\t\t<div class=\"elementor-element elementor-element-d4eee9a elementor-widget elementor-widget-image\" data-id=\"d4eee9a\" data-element_type=\"widget\" data-e-type=\"widget\" data-widget_type=\"image.default\">\n\t\t\t\t<div class=\"elementor-widget-container\">\n\t\t\t\t\t\t\t\t\t\t\t\t\t\t\t<img loading=\"lazy\" decoding=\"async\" width=\"231\" height=\"103\" src=\"https:\/\/dev.gopeer.ca\/wp-content\/uploads\/2023\/08\/Group-7167.png\" class=\"attachment-full size-full wp-image-830\" alt=\"\" srcset=\"https:\/\/dev.gopeer.ca\/wp-content\/uploads\/2023\/08\/Group-7167.png 231w, https:\/\/dev.gopeer.ca\/wp-content\/uploads\/2023\/08\/Group-7167-18x8.png 18w\" sizes=\"(max-width: 231px) 100vw, 231px\" \/>\t\t\t\t\t\t\t\t\t\t\t\t\t\t\t<\/div>\n\t\t\t\t<\/div>\n\t\t\t\t\t<\/div>\n\t\t\t\t<\/div>\n\t\t<div class=\"elementor-element elementor-element-4955de4 e-flex e-con-boxed e-con e-child\" data-id=\"4955de4\" data-element_type=\"container\" data-e-type=\"container\" data-settings=\"{&quot;background_background&quot;:&quot;classic&quot;}\">\n\t\t\t\t\t<div class=\"e-con-inner\">\n\t\t\t\t<div class=\"elementor-element elementor-element-04532a7 elementor-widget elementor-widget-heading\" data-id=\"04532a7\" data-element_type=\"widget\" data-e-type=\"widget\" data-widget_type=\"heading.default\">\n\t\t\t\t<div class=\"elementor-widget-container\">\n\t\t\t\t\t<h2 class=\"elementor-heading-title elementor-size-default\">Frais de retard<\/h2>\t\t\t\t<\/div>\n\t\t\t\t<\/div>\n\t\t\t\t<div class=\"elementor-element elementor-element-99564e4 elementor-widget elementor-widget-text-editor\" data-id=\"99564e4\" data-element_type=\"widget\" data-e-type=\"widget\" data-widget_type=\"text-editor.default\">\n\t\t\t\t<div class=\"elementor-widget-container\">\n\t\t\t\t\t\t\t\t\t<p>Pour tenir compte des \u00e9v\u00e9nements inattendus, vous disposez d&#039;un d\u00e9lai de gr\u00e2ce de 15 jours apr\u00e8s votre date d&#039;\u00e9ch\u00e9ance mensuelle pendant lequel vous pouvez effectuer votre paiement sans p\u00e9nalit\u00e9 ni impact sur votre pointage de cr\u00e9dit.<\/p>\n<p>Apr\u00e8s le d\u00e9lai de gr\u00e2ce de 15 jours, des frais de retard peuvent \u00eatre factur\u00e9s le 16\u00e8me jour pour compenser le retard des investisseurs. Le montant des frais de retard est le plus \u00e9lev\u00e9 entre 5,0% du montant de l&#039;acompte impay\u00e9 ou $25.<\/p>\n<p>Nous facturons ces frais une fois par retard de paiement. Les frais de retard sont pay\u00e9s directement aux investisseurs.<\/p>\t\t\t\t\t\t\t\t<\/div>\n\t\t\t\t<\/div>\n\t\t\t\t\t<\/div>\n\t\t\t\t<\/div>\n\t\t\t\t<\/div>\n\t\t\t\t\t<\/div>\n\t\t\t\t<\/div>\n\t\t<div class=\"elementor-element elementor-element-771e4c2 e-flex e-con-boxed e-con e-parent\" data-id=\"771e4c2\" data-element_type=\"container\" data-e-type=\"container\" data-settings=\"{&quot;background_background&quot;:&quot;classic&quot;}\">\n\t\t\t\t\t<div class=\"e-con-inner\">\n\t\t\t\t<div class=\"elementor-element elementor-element-884af9f elementor-widget elementor-widget-heading\" data-id=\"884af9f\" data-element_type=\"widget\" data-e-type=\"widget\" data-widget_type=\"heading.default\">\n\t\t\t\t<div class=\"elementor-widget-container\">\n\t\t\t\t\t<h2 class=\"elementor-heading-title elementor-size-default\">Avoir des questions?<span class=\"color-ama\">.<\/span><\/h2>\t\t\t\t<\/div>\n\t\t\t\t<\/div>\n\t\t\t\t<div class=\"elementor-element elementor-element-c2bd31b elementor-widget elementor-widget-text-editor\" data-id=\"c2bd31b\" data-element_type=\"widget\" data-e-type=\"widget\" data-widget_type=\"text-editor.default\">\n\t\t\t\t<div class=\"elementor-widget-container\">\n\t\t\t\t\t\t\t\t\t<p>Nous disposons d&#039;un centre d&#039;aide d\u00e9taill\u00e9 pour r\u00e9pondre \u00e0 certaines questions fr\u00e9quemment pos\u00e9es.<\/p>\t\t\t\t\t\t\t\t<\/div>\n\t\t\t\t<\/div>\n\t\t\t\t<div class=\"elementor-element elementor-element-f6da3e9 elementor-align-center elementor-widget elementor-widget-button\" data-id=\"f6da3e9\" data-element_type=\"widget\" data-e-type=\"widget\" data-widget_type=\"button.default\">\n\t\t\t\t<div class=\"elementor-widget-container\">\n\t\t\t\t\t\t\t\t\t<div class=\"elementor-button-wrapper\">\n\t\t\t\t\t<a class=\"elementor-button elementor-button-link elementor-size-xl\" href=\"https:\/\/help.gopeer.ca\/hc\/en-ca\/categories\/360003880234-Borrowing\" target=\"_blank\" rel=\"nofollow noopener\">\n\t\t\t\t\t\t<span class=\"elementor-button-content-wrapper\">\n\t\t\t\t\t\t\t\t\t<span class=\"elementor-button-text\">Centre d&#039;aide<\/span>\n\t\t\t\t\t<\/span>\n\t\t\t\t\t<\/a>\n\t\t\t\t<\/div>\n\t\t\t\t\t\t\t\t<\/div>\n\t\t\t\t<\/div>\n\t\t\t\t\t<\/div>\n\t\t\t\t<\/div>\n\t\t\t\t<\/div>","protected":false},"excerpt":{"rendered":"<p>Frais d&#039;emprunteur. goPeer s&#039;engage \u00e0 une transparence totale concernant les frais appliqu\u00e9s aux emprunteurs. Tous nos pr\u00eats sont assortis d&#039;un taux fixe et abordable, garantissant ainsi la constance de vos mensualit\u00e9s. Gr\u00e2ce \u00e0 l&#039;option de remboursement anticip\u00e9, vous pouvez \u00e9viter les futurs paiements d&#039;int\u00e9r\u00eats sans p\u00e9nalit\u00e9s ni frais. Faites votre demande [\u2026]<\/p>","protected":false},"author":3,"featured_media":0,"parent":0,"menu_order":0,"comment_status":"closed","ping_status":"closed","template":"elementor_header_footer","meta":{"inline_featured_image":false,"footnotes":""},"class_list":["post-726","page","type-page","status-publish","hentry"],"_links":{"self":[{"href":"https:\/\/dev.gopeer.ca\/fr_ca\/wp-json\/wp\/v2\/pages\/726","targetHints":{"allow":["GET"]}}],"collection":[{"href":"https:\/\/dev.gopeer.ca\/fr_ca\/wp-json\/wp\/v2\/pages"}],"about":[{"href":"https:\/\/dev.gopeer.ca\/fr_ca\/wp-json\/wp\/v2\/types\/page"}],"author":[{"embeddable":true,"href":"https:\/\/dev.gopeer.ca\/fr_ca\/wp-json\/wp\/v2\/users\/3"}],"replies":[{"embeddable":true,"href":"https:\/\/dev.gopeer.ca\/fr_ca\/wp-json\/wp\/v2\/comments?post=726"}],"version-history":[{"count":34,"href":"https:\/\/dev.gopeer.ca\/fr_ca\/wp-json\/wp\/v2\/pages\/726\/revisions"}],"predecessor-version":[{"id":6248,"href":"https:\/\/dev.gopeer.ca\/fr_ca\/wp-json\/wp\/v2\/pages\/726\/revisions\/6248"}],"wp:attachment":[{"href":"https:\/\/dev.gopeer.ca\/fr_ca\/wp-json\/wp\/v2\/media?parent=726"}],"curies":[{"name":"wp","href":"https:\/\/api.w.org\/{rel}","templated":true}]}}